{"id":55806,"date":"2022-09-07T09:45:09","date_gmt":"2022-09-07T07:45:09","guid":{"rendered":"https:\/\/www.protoxtype.com\/shop\/unkategorisiert\/blaue-camouflage-jeans-aus-bio-baumwolle-mit-7-taschen\/"},"modified":"2024-01-24T09:47:59","modified_gmt":"2024-01-24T08:47:59","slug":"blaue-camouflage-hose-jeans-aus-bio-baumwolle-mit-7-taschen","status":"publish","type":"product","link":"https:\/\/www.protoxtype.com\/de\/blaue-camouflage-hose-jeans-aus-bio-baumwolle-mit-7-taschen\/","title":{"rendered":"Blaue Camouflage Hose Jeans aus Bio-Baumwolle mit 7 Taschen"},"content":{"rendered":"<h2>Blaue Camouflage Hose Jeans aus Bio-Baumwolle mit 7 Taschen<\/h2>\n<p>Unsere <a href=\"https:\/\/www.protoxtype.com\/de\/bio-baumwolle-kleidung-damen\/bio-jeanshosen-damen-7-taschen-camouflage-blau\/\">Blaue Camouflage<\/a> Hose Jeans aus Bio-Baumwolle mit 7 Taschen haben dreidimensionale Muster, um absolute Bewegungsfreiheit und Komfort zu bieten. Diese Jeans sind hypoallergen, atmungsaktiv, Anti-Pilling und bleiben sehr weich auf der Haut. Der Military-Print dieser Jeans verleiht ihr einen aggressiven und dynamischen Look, ideal auch f\u00fcr Ihre abenteuerlichsten Tage!<\/p>\n<p>Das Model tr\u00e4gt Gr\u00f6\u00dfe S<\/p>\n<p>Zusammensetzung: 98 % Bio-Baumwolle 2 % Spandex<\/p>\n","protected":false},"excerpt":{"rendered":"<p>Blaue Camouflage Hose Jeans aus Bio-Baumwolle mit 7 Taschen Unsere Blaue Camouflage Hose Jeans aus Bio-Baumwolle mit 7 Taschen haben dreidimensionale Muster, um absolute Bewegungsfreiheit und Komfort zu bieten. Diese Jeans sind hypoallergen, atmungsaktiv, Anti-Pilling und bleiben sehr weich auf der Haut. Der Military-Print dieser Jeans verleiht ihr einen aggressiven und dynamischen Look, ideal auch [&hellip;]<\/p>\n","protected":false},"featured_media":54936,"template":"","meta":{"_acf_changed":false},"product_brand":[],"product_cat":[560,694,696,223,662],"product_tag":[],"class_list":{"0":"post-55806","1":"product","2":"type-product","3":"status-publish","4":"has-post-thumbnail","6":"product_cat-bio-baumwolle-kleidung-herren","7":"product_cat-bootsbekleidung","8":"product_cat-bootsbekleidung-fur-damen","9":"product_cat-naturfaser-herrenhosen","10":"product_cat-outdoor-bekleidung-damen","11":"pa_colore-camo-blu-de","12":"pa_taglia-l-de","13":"pa_taglia-m-de","14":"pa_taglia-s-de","15":"pa_taglia-xl-de","17":"first","18":"instock","19":"shipping-taxable","20":"purchasable","21":"product-type-variable","22":"has-default-attributes"},"acf":[],"_links":{"self":[{"href":"https:\/\/www.protoxtype.com\/de\/wp-json\/wp\/v2\/product\/55806","targetHints":{"allow":["GET"]}}],"collection":[{"href":"https:\/\/www.protoxtype.com\/de\/wp-json\/wp\/v2\/product"}],"about":[{"href":"https:\/\/www.protoxtype.com\/de\/wp-json\/wp\/v2\/types\/product"}],"version-history":[{"count":0,"href":"https:\/\/www.protoxtype.com\/de\/wp-json\/wp\/v2\/product\/55806\/revisions"}],"wp:featuredmedia":[{"embeddable":true,"href":"https:\/\/www.protoxtype.com\/de\/wp-json\/wp\/v2\/media\/54936"}],"wp:attachment":[{"href":"https:\/\/www.protoxtype.com\/de\/wp-json\/wp\/v2\/media?parent=55806"}],"wp:term":[{"taxonomy":"product_brand","embeddable":true,"href":"https:\/\/www.protoxtype.com\/de\/wp-json\/wp\/v2\/product_brand?post=55806"},{"taxonomy":"product_cat","embeddable":true,"href":"https:\/\/www.protoxtype.com\/de\/wp-json\/wp\/v2\/product_cat?post=55806"},{"taxonomy":"product_tag","embeddable":true,"href":"https:\/\/www.protoxtype.com\/de\/wp-json\/wp\/v2\/product_tag?post=55806"}],"curies":[{"name":"wp","href":"https:\/\/api.w.org\/{rel}","templated":true}]}}