{"id":55763,"date":"2022-09-07T10:57:38","date_gmt":"2022-09-07T08:57:38","guid":{"rendered":"https:\/\/www.protoxtype.com\/shop\/unkategorisiert\/bambus-sportkleid-fur-damen\/"},"modified":"2025-09-02T16:10:21","modified_gmt":"2025-09-02T14:10:21","slug":"bambus-sportkleid-fur-damen","status":"publish","type":"product","link":"https:\/\/www.protoxtype.com\/de\/bambus-sportkleid-fur-damen\/","title":{"rendered":"Bambus Sportkleid f\u00fcr Damen"},"content":{"rendered":"<h2>Bambus Sportkleid f\u00fcr Damen<\/h2>\n<p>Kleidungsst\u00fccke aus Bambusfasern sind unsere Favoriten und wir hoffen, dass sie Ihnen auch gefallen! Dieses weiche Sportkleid ist f\u00fcr jeden Anlass geeignet. Das Bambusgewebe erm\u00f6glicht es, hypoallergen, atmungsaktiv, antibakteriell zu sein und den K\u00f6rper vor UV-Strahlen zu sch\u00fctzen, w\u00e4hrend es weich auf der Haut und Anti-Pilling bleibt. Es h\u00e4lt Ihren K\u00f6rper 1 bis 2 Grad k\u00fchler als jede andere Art von Stoff und absorbiert Feuchtigkeit und Schwei\u00df, ohne Ger\u00fcche zu absorbieren. Dieses Kleid wurde, wie alle unsere Kleidungsst\u00fccke, auf dreidimensionalen Mustern aufgebaut, um ergonomische Leistung und absolute Bewegungsfreiheit zu erm\u00f6glichen.<\/p>\n<p>Das Model tr\u00e4gt Gr\u00f6\u00dfe XS<\/p>\n<p>Zusammensetzung: 95 % Bambus 5 % Spandex<\/p>\n","protected":false},"excerpt":{"rendered":"<p>Bambus Sportkleid f\u00fcr Damen Kleidungsst\u00fccke aus Bambusfasern sind unsere Favoriten und wir hoffen, dass sie Ihnen auch gefallen! Dieses weiche Sportkleid ist f\u00fcr jeden Anlass geeignet. Das Bambusgewebe erm\u00f6glicht es, hypoallergen, atmungsaktiv, antibakteriell zu sein und den K\u00f6rper vor UV-Strahlen zu sch\u00fctzen, w\u00e4hrend es weich auf der Haut und Anti-Pilling bleibt. Es h\u00e4lt Ihren K\u00f6rper [&hellip;]<\/p>\n","protected":false},"featured_media":54956,"template":"","meta":{"_acf_changed":false},"product_brand":[],"product_cat":[561,213,662],"product_tag":[],"class_list":{"0":"post-55763","1":"product","2":"type-product","3":"status-publish","4":"has-post-thumbnail","6":"product_cat-bambuskleidung-damen","7":"product_cat-kleid-damen-naturfasern","8":"product_cat-outdoor-bekleidung-damen","9":"pa_colore-navy-de","10":"pa_colore-schwarz","11":"pa_colore-waldgrun","12":"pa_taglia-l-de","13":"pa_taglia-m-de","14":"pa_taglia-s-de","15":"pa_taglia-xl-de","16":"pa_taglia-xs-de","17":"pa_taglia-xxl-de","18":"pa_taglia-xxxl-de","20":"first","21":"instock","22":"shipping-taxable","23":"purchasable","24":"product-type-variable","25":"has-default-attributes"},"acf":[],"_links":{"self":[{"href":"https:\/\/www.protoxtype.com\/de\/wp-json\/wp\/v2\/product\/55763","targetHints":{"allow":["GET"]}}],"collection":[{"href":"https:\/\/www.protoxtype.com\/de\/wp-json\/wp\/v2\/product"}],"about":[{"href":"https:\/\/www.protoxtype.com\/de\/wp-json\/wp\/v2\/types\/product"}],"version-history":[{"count":1,"href":"https:\/\/www.protoxtype.com\/de\/wp-json\/wp\/v2\/product\/55763\/revisions"}],"predecessor-version":[{"id":63676,"href":"https:\/\/www.protoxtype.com\/de\/wp-json\/wp\/v2\/product\/55763\/revisions\/63676"}],"wp:featuredmedia":[{"embeddable":true,"href":"https:\/\/www.protoxtype.com\/de\/wp-json\/wp\/v2\/media\/54956"}],"wp:attachment":[{"href":"https:\/\/www.protoxtype.com\/de\/wp-json\/wp\/v2\/media?parent=55763"}],"wp:term":[{"taxonomy":"product_brand","embeddable":true,"href":"https:\/\/www.protoxtype.com\/de\/wp-json\/wp\/v2\/product_brand?post=55763"},{"taxonomy":"product_cat","embeddable":true,"href":"https:\/\/www.protoxtype.com\/de\/wp-json\/wp\/v2\/product_cat?post=55763"},{"taxonomy":"product_tag","embeddable":true,"href":"https:\/\/www.protoxtype.com\/de\/wp-json\/wp\/v2\/product_tag?post=55763"}],"curies":[{"name":"wp","href":"https:\/\/api.w.org\/{rel}","templated":true}]}}