{"id":53763,"date":"2020-12-11T18:01:50","date_gmt":"2020-12-11T17:01:50","guid":{"rendered":"http:\/\/www.protoxtype.com\/shop\/unkategorisiert\/unisex-sweatshirt-aus-bio-baumwolle\/"},"modified":"2024-01-24T10:10:11","modified_gmt":"2024-01-24T09:10:11","slug":"unisex-sweatshirt-aus-bio-baumwolle","status":"publish","type":"product","link":"https:\/\/www.protoxtype.com\/de\/unisex-sweatshirt-aus-bio-baumwolle\/","title":{"rendered":"Unisex-Sweatshirt aus Bio-Baumwolle"},"content":{"rendered":"<h2>Unisex-Sweatshirt aus Bio-Baumwolle<\/h2>\n<p>Unisex-Sweatshirt aus Bio-Baumwolle. Der Bio-Stoff macht das Kleidungsst\u00fcck hypoallergen und nat\u00fcrlich atmungsaktiv sowie antipilling. Dieses Sweatshirt wurde auf dreidimensionalen Mustern aufgebaut, um jedem, der es tr\u00e4gt, maximale Bewegungsfreiheit zu bieten. Das Design wurde im Detail untersucht, um seine Praktikabilit\u00e4t und seinen Komfort zu gew\u00e4hrleisten.<\/p>\n<p>Das Model tr\u00e4gt Gr\u00f6\u00dfe M<\/p>\n<p>Komposition:<\/p>\n<p>80 % Bio-Baumwolle, 20 % recycelter Polyester.<\/p>\n","protected":false},"excerpt":{"rendered":"<p>Dieses ProtoXtype-Sweatshirt aus Bio-Baumwolle ist hypoallergen, Antipilling und atmungsaktiv. Es wurde entwickelt, um maximalen Komfort zu gew\u00e4hrleisten.<\/p>\n","protected":false},"featured_media":43611,"template":"","meta":{"_acf_changed":false},"product_brand":[],"product_cat":[556,560,694,696,695,402,210,404,220,662,675],"product_tag":[353,354,373,364,362,366,361],"class_list":{"0":"post-53763","1":"product","2":"type-product","3":"status-publish","4":"has-post-thumbnail","6":"product_cat-bio-baumwolle-kleidung-damen","7":"product_cat-bio-baumwolle-kleidung-herren","8":"product_cat-bootsbekleidung","9":"product_cat-bootsbekleidung-fur-damen","10":"product_cat-bootsbekleidung-fur-herren","11":"product_cat-sweatshirts-damen-technische-stoffe","12":"product_cat-damenbekleidung-technische-stoffe","13":"product_cat-sweatshirts-herren-technische-stoffe","14":"product_cat-herrenbekleidung-technische-stoffe","15":"product_cat-outdoor-bekleidung-damen","16":"product_cat-outdoor-bekleidung-herren","17":"product_tag-allergiegetestet","18":"product_tag-antibakteriell","19":"product_tag-atmungsaktiv","20":"product_tag-bio-baumwolle","21":"product_tag-gemasigtes-wetter","22":"product_tag-hypoallergen","23":"product_tag-kaltes-wetter","24":"pa_colore-blau-navy","25":"pa_colore-dunkelgrau","26":"pa_colore-waldgrun","27":"pa_taglia-l-de","28":"pa_taglia-m-de","29":"pa_taglia-s-de","30":"pa_taglia-xl-de","31":"pa_taglia-xs-de","32":"pa_taglia-xxl-de","33":"pa_taglia-xxxl-de","35":"first","36":"instock","37":"shipping-taxable","38":"purchasable","39":"product-type-variable","40":"has-default-attributes"},"acf":[],"_links":{"self":[{"href":"https:\/\/www.protoxtype.com\/de\/wp-json\/wp\/v2\/product\/53763","targetHints":{"allow":["GET"]}}],"collection":[{"href":"https:\/\/www.protoxtype.com\/de\/wp-json\/wp\/v2\/product"}],"about":[{"href":"https:\/\/www.protoxtype.com\/de\/wp-json\/wp\/v2\/types\/product"}],"version-history":[{"count":0,"href":"https:\/\/www.protoxtype.com\/de\/wp-json\/wp\/v2\/product\/53763\/revisions"}],"wp:featuredmedia":[{"embeddable":true,"href":"https:\/\/www.protoxtype.com\/de\/wp-json\/wp\/v2\/media\/43611"}],"wp:attachment":[{"href":"https:\/\/www.protoxtype.com\/de\/wp-json\/wp\/v2\/media?parent=53763"}],"wp:term":[{"taxonomy":"product_brand","embeddable":true,"href":"https:\/\/www.protoxtype.com\/de\/wp-json\/wp\/v2\/product_brand?post=53763"},{"taxonomy":"product_cat","embeddable":true,"href":"https:\/\/www.protoxtype.com\/de\/wp-json\/wp\/v2\/product_cat?post=53763"},{"taxonomy":"product_tag","embeddable":true,"href":"https:\/\/www.protoxtype.com\/de\/wp-json\/wp\/v2\/product_tag?post=53763"}],"curies":[{"name":"wp","href":"https:\/\/api.w.org\/{rel}","templated":true}]}}