{"id":51739,"date":"2021-11-03T18:37:26","date_gmt":"2021-11-03T17:37:26","guid":{"rendered":"http:\/\/www.protoxtype.com\/shop\/unkategorisiert\/winddichte-damen-outdoorjacke\/"},"modified":"2024-01-24T09:54:55","modified_gmt":"2024-01-24T08:54:55","slug":"jacke-winddicht-damen-outdoor","status":"publish","type":"product","link":"https:\/\/www.protoxtype.com\/de\/jacke-winddicht-damen-outdoor\/","title":{"rendered":"Jacke winddicht damen outdoor"},"content":{"rendered":"<h2>Jacke winddicht damen outdoor<\/h2>\n<p>Diese Jacke winddicht damen outdoor ist wasser- und winddicht. <a href=\"https:\/\/www.protoxtype.com\/de\/die-aermellose-daunenjacke-ein-unverzichtbares-kleidungsstueck\/\">Die Aussentaschen verf\u00fcgen \u00fcber einen<\/a> wasserdichten Reissverschluss, der eine vollst\u00e4ndige Isolation gegen schlechtes Wetter gew\u00e4hrleisten. Die Ellenbogen und die Schultern sind mit Kevlar Material verst\u00e4rkt, das Anti-Abrieb und Anti-Schnitt ist, was diese Jacke Rucksackfest macht! Diese Jacke wurde auf dreidimensionalen Modellen gebaut, um maximalen Bewegungsfreiheit zu gew\u00e4hrleisten. Das Design wurde im Detail entworfen, um Funktionalit\u00e4t und Komfort zu maximieren.<br \/>\nDas Model tr\u00e4gt Gr\u00f6\u00dfe L<\/p>\n<p>Komposition:<br \/>\n100% NYLON und 100% POLYESTER, OEKO TEX ZERTIFIZIERTES 3-LAGEN-GEWEBE<\/p>\n","protected":false},"excerpt":{"rendered":"<p>Diese dreilagige jacke outdoor damen ist wasser- und winddicht. Die Aussentaschen verf\u00fcgen \u00fcber einen wasserdichten Reissverschluss, der eine vollst\u00e4ndige Isolation gegen schlechtes Wetter gew\u00e4hrleisten. Die Ellenbogen und die Schultern sind mit Kevlar Material verst\u00e4rkt, das Anti-Abrieb und Anti-Schnitt ist, was diese Jacke Rucksackfest macht! Diese Jacke wurde auf dreidimensionalen Modellen gebaut, um maximalen Bewegungsfreiheit zu gew\u00e4hrleisten. Das Design wurde im Detail entworfen, um Funktionalit\u00e4t und Komfort zu maximieren.<\/p>\n","protected":false},"featured_media":51656,"template":"","meta":{"_acf_changed":false},"product_brand":[],"product_cat":[591,694,696,216,210,677,662],"product_tag":[373,362,361,367,368,371,372,365,357],"class_list":{"0":"post-51739","1":"product","2":"type-product","3":"status-publish","4":"has-post-thumbnail","6":"product_cat-als-beweis","7":"product_cat-bootsbekleidung","8":"product_cat-bootsbekleidung-fur-damen","9":"product_cat-jacken-damen","10":"product_cat-damenbekleidung-technische-stoffe","11":"product_cat-damenjacken-aus-technischen-stoffen","12":"product_cat-outdoor-bekleidung-damen","13":"product_tag-atmungsaktiv","14":"product_tag-gemasigtes-wetter","15":"product_tag-kaltes-wetter","16":"product_tag-nylon-de","17":"product_tag-polyester-de","18":"product_tag-thermisch","19":"product_tag-warmegeschweisst","20":"product_tag-wasserdicht","21":"product_tag-winddicht","22":"pa_colore-blau-navy","23":"pa_colore-rot","24":"pa_colore-schwarz","25":"pa_taglia-l-de","26":"pa_taglia-m-de","27":"pa_taglia-s-de","28":"pa_taglia-xl-de","29":"pa_taglia-xs-de","30":"pa_taglia-xxl-de","31":"pa_taglia-xxxl-de","33":"first","34":"instock","35":"shipping-taxable","36":"purchasable","37":"product-type-variable","38":"has-default-attributes"},"acf":[],"_links":{"self":[{"href":"https:\/\/www.protoxtype.com\/de\/wp-json\/wp\/v2\/product\/51739","targetHints":{"allow":["GET"]}}],"collection":[{"href":"https:\/\/www.protoxtype.com\/de\/wp-json\/wp\/v2\/product"}],"about":[{"href":"https:\/\/www.protoxtype.com\/de\/wp-json\/wp\/v2\/types\/product"}],"version-history":[{"count":0,"href":"https:\/\/www.protoxtype.com\/de\/wp-json\/wp\/v2\/product\/51739\/revisions"}],"wp:featuredmedia":[{"embeddable":true,"href":"https:\/\/www.protoxtype.com\/de\/wp-json\/wp\/v2\/media\/51656"}],"wp:attachment":[{"href":"https:\/\/www.protoxtype.com\/de\/wp-json\/wp\/v2\/media?parent=51739"}],"wp:term":[{"taxonomy":"product_brand","embeddable":true,"href":"https:\/\/www.protoxtype.com\/de\/wp-json\/wp\/v2\/product_brand?post=51739"},{"taxonomy":"product_cat","embeddable":true,"href":"https:\/\/www.protoxtype.com\/de\/wp-json\/wp\/v2\/product_cat?post=51739"},{"taxonomy":"product_tag","embeddable":true,"href":"https:\/\/www.protoxtype.com\/de\/wp-json\/wp\/v2\/product_tag?post=51739"}],"curies":[{"name":"wp","href":"https:\/\/api.w.org\/{rel}","templated":true}]}}