{"id":51625,"date":"2021-11-03T16:05:04","date_gmt":"2021-11-03T15:05:04","guid":{"rendered":"http:\/\/www.protoxtype.com\/shop\/unkategorisiert\/winddichte-outdoorjacke\/"},"modified":"2024-01-24T10:06:16","modified_gmt":"2024-01-24T09:06:16","slug":"herren-jacke-winddichte-outdoor","status":"publish","type":"product","link":"https:\/\/www.protoxtype.com\/de\/herren-jacke-winddichte-outdoor\/","title":{"rendered":"Herren Jacke Winddichte Outdoor"},"content":{"rendered":"<h2>Herren Jacke Winddichte Outdoor<\/h2>\n<p>Diese <a href=\"https:\/\/www.protoxtype.com\/de\/herbst-schluesselstuecke-jacken-und-daunenjacken\/\">Herren Jacke Winddichte Outdoor<\/a> ist wasser- und winddicht. Die Aussentaschen verf\u00fcgen \u00fcber einen wasserdichten Reissverschluss, der eine vollst\u00e4ndige Isolation gegen schlechtes Wetter gew\u00e4hrleisten. Die Ellenbogen und die Schultern sind mit Kevlar Material verst\u00e4rkt, das Anti-Abrieb und Anti-Schnitt ist, was diese Jacke Rucksackfest macht! Diese Jacke wurde auf dreidimensionalen Modellen gebaut, um maximalen Bewegungsfreiheit zu gew\u00e4hrleisten.<\/p>\n<p>Das Model tr\u00e4gt Gr\u00f6\u00dfe M<\/p>\n<p>Komposition:<br \/>\n100 % NYLON und 100 % POLYESTER, OEKO TEX ZERTIFIZIERTES 3-LAGEN-GEWEBE<\/p>\n","protected":false},"excerpt":{"rendered":"<p>Herren Jacke Winddichte Outdoor Diese Herren Jacke Winddichte Outdoor ist wasser- und winddicht. Die Aussentaschen verf\u00fcgen \u00fcber einen wasserdichten Reissverschluss, der eine vollst\u00e4ndige Isolation gegen schlechtes Wetter gew\u00e4hrleisten. Die Ellenbogen und die Schultern sind mit Kevlar Material verst\u00e4rkt, das Anti-Abrieb und Anti-Schnitt ist, was diese Jacke Rucksackfest macht! Diese Jacke wurde auf dreidimensionalen Modellen gebaut, [&hellip;]<\/p>\n","protected":false},"featured_media":51602,"template":"","meta":{"_acf_changed":false},"product_brand":[],"product_cat":[694,695,224,220,681,675],"product_tag":[373,362,361,367,368,371,372,365,357],"class_list":{"0":"post-51625","1":"product","2":"type-product","3":"status-publish","4":"has-post-thumbnail","6":"product_cat-bootsbekleidung","7":"product_cat-bootsbekleidung-fur-herren","8":"product_cat-jacken-mann","9":"product_cat-herrenbekleidung-technische-stoffe","10":"product_cat-herrenjacken-aus-technischen-stoffen","11":"product_cat-outdoor-bekleidung-herren","12":"product_tag-atmungsaktiv","13":"product_tag-gemasigtes-wetter","14":"product_tag-kaltes-wetter","15":"product_tag-nylon-de","16":"product_tag-polyester-de","17":"product_tag-thermisch","18":"product_tag-warmegeschweisst","19":"product_tag-wasserdicht","20":"product_tag-winddicht","21":"pa_colore-blau-navy","22":"pa_colore-rot","23":"pa_colore-schwarz","24":"pa_taglia-l-de","25":"pa_taglia-m-de","26":"pa_taglia-s-de","27":"pa_taglia-xl-de","28":"pa_taglia-xxl-de","30":"first","31":"instock","32":"shipping-taxable","33":"purchasable","34":"product-type-variable","35":"has-default-attributes"},"acf":[],"_links":{"self":[{"href":"https:\/\/www.protoxtype.com\/de\/wp-json\/wp\/v2\/product\/51625","targetHints":{"allow":["GET"]}}],"collection":[{"href":"https:\/\/www.protoxtype.com\/de\/wp-json\/wp\/v2\/product"}],"about":[{"href":"https:\/\/www.protoxtype.com\/de\/wp-json\/wp\/v2\/types\/product"}],"version-history":[{"count":0,"href":"https:\/\/www.protoxtype.com\/de\/wp-json\/wp\/v2\/product\/51625\/revisions"}],"wp:featuredmedia":[{"embeddable":true,"href":"https:\/\/www.protoxtype.com\/de\/wp-json\/wp\/v2\/media\/51602"}],"wp:attachment":[{"href":"https:\/\/www.protoxtype.com\/de\/wp-json\/wp\/v2\/media?parent=51625"}],"wp:term":[{"taxonomy":"product_brand","embeddable":true,"href":"https:\/\/www.protoxtype.com\/de\/wp-json\/wp\/v2\/product_brand?post=51625"},{"taxonomy":"product_cat","embeddable":true,"href":"https:\/\/www.protoxtype.com\/de\/wp-json\/wp\/v2\/product_cat?post=51625"},{"taxonomy":"product_tag","embeddable":true,"href":"https:\/\/www.protoxtype.com\/de\/wp-json\/wp\/v2\/product_tag?post=51625"}],"curies":[{"name":"wp","href":"https:\/\/api.w.org\/{rel}","templated":true}]}}