{"id":40312,"date":"2020-11-23T08:58:02","date_gmt":"2020-11-23T07:58:02","guid":{"rendered":"http:\/\/www.protoxtype.com\/shop\/unkategorisiert\/kurze-silberne-daunenjacke\/"},"modified":"2024-01-24T13:15:00","modified_gmt":"2024-01-24T12:15:00","slug":"damen-kurze-silberne-daunenjacke","status":"publish","type":"product","link":"https:\/\/www.protoxtype.com\/de\/damen-kurze-silberne-daunenjacke\/","title":{"rendered":"Damen Kurze silberne Daunenjacke"},"content":{"rendered":"<h2>Damen Kurze silberne Daunenjacke<\/h2>\n<p><span lang=\"DE\">Die Wattierung Damen Kurze silberne Daunenjacke aus 90\/10 Daunenfedern, eine der w\u00e4rmsten, und die wasserabweisende Eigenschaft dieser <a href=\"https:\/\/www.protoxtype.com\/de\/herbst-schluesselstuecke-jacken-und-daunenjacken\/\">Daunenjacke<\/a> eignen sich sowohl f\u00fcr die Zwischensaison als auch f\u00fcr kalte Wintertage. Sie ist nach dreidimensionalen Mustern gefertigt, f\u00fcr absolute Bewegungsfreiheit.<\/span><br \/>\nDas Model tr\u00e4gt Gr\u00f6\u00dfe L<\/p>\n<p>&#8212;<\/p>\n<p>Komposition:<br \/>\n100% Oeko Tex Polyester<\/p>\n","protected":false},"excerpt":{"rendered":"<p>Damen Kurze silberne Daunenjacke Die Wattierung Damen Kurze silberne Daunenjacke aus 90\/10 Daunenfedern, eine der w\u00e4rmsten, und die wasserabweisende Eigenschaft dieser Daunenjacke eignen sich sowohl f\u00fcr die Zwischensaison als auch f\u00fcr kalte Wintertage. Sie ist nach dreidimensionalen Mustern gefertigt, f\u00fcr absolute Bewegungsfreiheit. Das Model tr\u00e4gt Gr\u00f6\u00dfe L &#8212; Komposition: 100% Oeko Tex Polyester<\/p>\n","protected":false},"featured_media":40143,"template":"","meta":{"_acf_changed":false},"product_brand":[],"product_cat":[216,210,677,662],"product_tag":[],"class_list":{"0":"post-40312","1":"product","2":"type-product","3":"status-publish","4":"has-post-thumbnail","6":"product_cat-jacken-damen","7":"product_cat-damenbekleidung-technische-stoffe","8":"product_cat-damenjacken-aus-technischen-stoffen","9":"product_cat-outdoor-bekleidung-damen","10":"pa_taglia-l-de","11":"pa_taglia-m-de","12":"pa_taglia-s-de","13":"pa_taglia-xl-de","14":"pa_taglia-xxl-de","16":"first","17":"onbackorder","18":"shipping-taxable","19":"purchasable","20":"product-type-variable","21":"has-default-attributes"},"acf":[],"_links":{"self":[{"href":"https:\/\/www.protoxtype.com\/de\/wp-json\/wp\/v2\/product\/40312","targetHints":{"allow":["GET"]}}],"collection":[{"href":"https:\/\/www.protoxtype.com\/de\/wp-json\/wp\/v2\/product"}],"about":[{"href":"https:\/\/www.protoxtype.com\/de\/wp-json\/wp\/v2\/types\/product"}],"version-history":[{"count":0,"href":"https:\/\/www.protoxtype.com\/de\/wp-json\/wp\/v2\/product\/40312\/revisions"}],"wp:featuredmedia":[{"embeddable":true,"href":"https:\/\/www.protoxtype.com\/de\/wp-json\/wp\/v2\/media\/40143"}],"wp:attachment":[{"href":"https:\/\/www.protoxtype.com\/de\/wp-json\/wp\/v2\/media?parent=40312"}],"wp:term":[{"taxonomy":"product_brand","embeddable":true,"href":"https:\/\/www.protoxtype.com\/de\/wp-json\/wp\/v2\/product_brand?post=40312"},{"taxonomy":"product_cat","embeddable":true,"href":"https:\/\/www.protoxtype.com\/de\/wp-json\/wp\/v2\/product_cat?post=40312"},{"taxonomy":"product_tag","embeddable":true,"href":"https:\/\/www.protoxtype.com\/de\/wp-json\/wp\/v2\/product_tag?post=40312"}],"curies":[{"name":"wp","href":"https:\/\/api.w.org\/{rel}","templated":true}]}}