{"id":40300,"date":"2020-11-23T09:06:52","date_gmt":"2020-11-23T08:06:52","guid":{"rendered":"http:\/\/www.protoxtype.com\/shop\/unkategorisiert\/kurze-silberne-jacke\/"},"modified":"2024-01-24T13:12:17","modified_gmt":"2024-01-24T12:12:17","slug":"damen-kurze-silberne-jacke","status":"publish","type":"product","link":"https:\/\/www.protoxtype.com\/de\/damen-kurze-silberne-jacke\/","title":{"rendered":"Damen Kurze silberne Jacke"},"content":{"rendered":"<h2>Damen Kurze silberne Jacke<\/h2>\n<p><span lang=\"DE\">Diese Damen Kurze silberne Jacke ist aufgrund ihrer wasserabweisenden Eigenschaften und ihrer vielf\u00e4ltigen Einsatzm\u00f6glichkeiten perfekt f\u00fcr die Zwischensaison (oder f\u00fcr ein nicht allzu raues Klima) geeignet. Sie ist mit einem Innenfutter aus recycelter Baumwolle und nach dreidimensionalen Mustern gefertigt, f\u00fcr absolute Bewegungsfreiheit.<\/span><br \/>\nDas Model tr\u00e4gt Gr\u00f6\u00dfe S<\/p>\n<p>&#8212;<\/p>\n<p>Komposition:<br \/>\n100% Oeko Tex Polyester + Futter aus recycelter Baumwolle<\/p>\n","protected":false},"excerpt":{"rendered":"<p>Die ProtoXtype Silver Short Jacket ist praktisch und modisch, winddicht und wasserabweisend. Ideal f\u00fcr die Zwischensaison.<\/p>\n","protected":false},"featured_media":40156,"template":"","meta":{"_acf_changed":false},"product_brand":[],"product_cat":[216,210,677,662],"product_tag":[],"class_list":{"0":"post-40300","1":"product","2":"type-product","3":"status-publish","4":"has-post-thumbnail","6":"product_cat-jacken-damen","7":"product_cat-damenbekleidung-technische-stoffe","8":"product_cat-damenjacken-aus-technischen-stoffen","9":"product_cat-outdoor-bekleidung-damen","10":"pa_taglia-l-de","11":"pa_taglia-m-de","12":"pa_taglia-s-de","13":"pa_taglia-xl-de","14":"pa_taglia-xxl-de","16":"first","17":"onbackorder","18":"shipping-taxable","19":"purchasable","20":"product-type-variable","21":"has-default-attributes"},"acf":[],"_links":{"self":[{"href":"https:\/\/www.protoxtype.com\/de\/wp-json\/wp\/v2\/product\/40300","targetHints":{"allow":["GET"]}}],"collection":[{"href":"https:\/\/www.protoxtype.com\/de\/wp-json\/wp\/v2\/product"}],"about":[{"href":"https:\/\/www.protoxtype.com\/de\/wp-json\/wp\/v2\/types\/product"}],"version-history":[{"count":0,"href":"https:\/\/www.protoxtype.com\/de\/wp-json\/wp\/v2\/product\/40300\/revisions"}],"wp:featuredmedia":[{"embeddable":true,"href":"https:\/\/www.protoxtype.com\/de\/wp-json\/wp\/v2\/media\/40156"}],"wp:attachment":[{"href":"https:\/\/www.protoxtype.com\/de\/wp-json\/wp\/v2\/media?parent=40300"}],"wp:term":[{"taxonomy":"product_brand","embeddable":true,"href":"https:\/\/www.protoxtype.com\/de\/wp-json\/wp\/v2\/product_brand?post=40300"},{"taxonomy":"product_cat","embeddable":true,"href":"https:\/\/www.protoxtype.com\/de\/wp-json\/wp\/v2\/product_cat?post=40300"},{"taxonomy":"product_tag","embeddable":true,"href":"https:\/\/www.protoxtype.com\/de\/wp-json\/wp\/v2\/product_tag?post=40300"}],"curies":[{"name":"wp","href":"https:\/\/api.w.org\/{rel}","templated":true}]}}