{"id":40294,"date":"2020-11-23T09:15:37","date_gmt":"2020-11-23T08:15:37","guid":{"rendered":"http:\/\/www.protoxtype.com\/shop\/unkategorisiert\/silberne-daunenjacke\/"},"modified":"2024-01-24T13:09:46","modified_gmt":"2024-01-24T12:09:46","slug":"herren-silberne-daunenjacke","status":"publish","type":"product","link":"https:\/\/www.protoxtype.com\/de\/herren-silberne-daunenjacke\/","title":{"rendered":"Herren Silberne Daunenjacke"},"content":{"rendered":"<h2>Herren Silberne Daunenjacke<\/h2>\n<p><span lang=\"DE\">Die Wattierung Herren Silberne Daunenjacke aus 90\/10 Daunenfedern, eine der w\u00e4rmsten, und die wasserabweisende Eigenschaft dieser Daunenjacke eignen sich sowohl f\u00fcr die Zwischensaison als auch f\u00fcr kalte Wintertage. Sie ist nach dreidimensionalen Mustern gefertigt, f\u00fcr absolute Bewegungsfreiheit.<\/span><br \/>\nDas Model tr\u00e4gt Gr\u00f6\u00dfe S<\/p>\n<p>&#8212;<\/p>\n<p>Komposition:<br \/>\n100% Oeko Tex Polyester<\/p>\n","protected":false},"excerpt":{"rendered":"<p>Die ProtoXtype Silver Short Down Jacket ist wasserdicht und winddicht und besteht aus 100% Oeko Tex Polyester.<\/p>\n","protected":false},"featured_media":40167,"template":"","meta":{"_acf_changed":false},"product_brand":[],"product_cat":[224,220,681,675],"product_tag":[],"class_list":{"0":"post-40294","1":"product","2":"type-product","3":"status-publish","4":"has-post-thumbnail","6":"product_cat-jacken-mann","7":"product_cat-herrenbekleidung-technische-stoffe","8":"product_cat-herrenjacken-aus-technischen-stoffen","9":"product_cat-outdoor-bekleidung-herren","10":"pa_taglia-l-de","11":"pa_taglia-m-de","12":"pa_taglia-s-de","13":"pa_taglia-xl-de","14":"pa_taglia-xxl-de","16":"first","17":"onbackorder","18":"shipping-taxable","19":"purchasable","20":"product-type-variable","21":"has-default-attributes"},"acf":[],"_links":{"self":[{"href":"https:\/\/www.protoxtype.com\/de\/wp-json\/wp\/v2\/product\/40294","targetHints":{"allow":["GET"]}}],"collection":[{"href":"https:\/\/www.protoxtype.com\/de\/wp-json\/wp\/v2\/product"}],"about":[{"href":"https:\/\/www.protoxtype.com\/de\/wp-json\/wp\/v2\/types\/product"}],"version-history":[{"count":0,"href":"https:\/\/www.protoxtype.com\/de\/wp-json\/wp\/v2\/product\/40294\/revisions"}],"wp:featuredmedia":[{"embeddable":true,"href":"https:\/\/www.protoxtype.com\/de\/wp-json\/wp\/v2\/media\/40167"}],"wp:attachment":[{"href":"https:\/\/www.protoxtype.com\/de\/wp-json\/wp\/v2\/media?parent=40294"}],"wp:term":[{"taxonomy":"product_brand","embeddable":true,"href":"https:\/\/www.protoxtype.com\/de\/wp-json\/wp\/v2\/product_brand?post=40294"},{"taxonomy":"product_cat","embeddable":true,"href":"https:\/\/www.protoxtype.com\/de\/wp-json\/wp\/v2\/product_cat?post=40294"},{"taxonomy":"product_tag","embeddable":true,"href":"https:\/\/www.protoxtype.com\/de\/wp-json\/wp\/v2\/product_tag?post=40294"}],"curies":[{"name":"wp","href":"https:\/\/api.w.org\/{rel}","templated":true}]}}