{"id":40288,"date":"2020-11-23T09:22:36","date_gmt":"2020-11-23T08:22:36","guid":{"rendered":"http:\/\/www.protoxtype.com\/shop\/unkategorisiert\/silberne-jacke\/"},"modified":"2024-01-24T13:07:37","modified_gmt":"2024-01-24T12:07:37","slug":"herren-silberne-jacke","status":"publish","type":"product","link":"https:\/\/www.protoxtype.com\/de\/herren-silberne-jacke\/","title":{"rendered":"Herren Silberne Jacke"},"content":{"rendered":"<h2>Herren Silberne Jacke<\/h2>\n<p>Diese Herren <a href=\"https:\/\/www.protoxtype.com\/de\/silberne-jacke\/\">Silberne Jacke<\/a> ist aufgrund ihrer wasserabweisenden Eigenschaften und ihrer vielf\u00e4ltigen Einsatzm\u00f6glichkeiten perfekt f\u00fcr die Zwischensaison (oder f\u00fcr ein nicht allzu raues Klima) geeignet. Sie ist mit einem Innenfutter aus recycelter Baumwolle und nach dreidimensionalen Mustern gefertigt, f\u00fcr absolute Bewegungsfreiheit.<\/p>\n<p>Das Model tr\u00e4gt Gr\u00f6\u00dfe L<\/p>\n<p>&#8212;<\/p>\n<p>Komposition:<br \/>\n100% Oeko Tex Polyester + Futter aus recycelter Baumwolle<\/p>\n","protected":false},"excerpt":{"rendered":"<p>Herren Silberne Jacke Diese Herren Silberne Jacke ist aufgrund ihrer wasserabweisenden Eigenschaften und ihrer vielf\u00e4ltigen Einsatzm\u00f6glichkeiten perfekt f\u00fcr die Zwischensaison (oder f\u00fcr ein nicht allzu raues Klima) geeignet. Sie ist mit einem Innenfutter aus recycelter Baumwolle und nach dreidimensionalen Mustern gefertigt, f\u00fcr absolute Bewegungsfreiheit. Das Model tr\u00e4gt Gr\u00f6\u00dfe L &#8212; Komposition: 100% Oeko Tex Polyester [&hellip;]<\/p>\n","protected":false},"featured_media":40191,"template":"","meta":{"_acf_changed":false},"product_brand":[],"product_cat":[224,220,681,675],"product_tag":[],"class_list":{"0":"post-40288","1":"product","2":"type-product","3":"status-publish","4":"has-post-thumbnail","6":"product_cat-jacken-mann","7":"product_cat-herrenbekleidung-technische-stoffe","8":"product_cat-herrenjacken-aus-technischen-stoffen","9":"product_cat-outdoor-bekleidung-herren","10":"pa_taglia-l-de","11":"pa_taglia-m-de","12":"pa_taglia-s-de","13":"pa_taglia-xl-de","14":"pa_taglia-xxl-de","16":"first","17":"onbackorder","18":"shipping-taxable","19":"purchasable","20":"product-type-variable","21":"has-default-attributes"},"acf":[],"_links":{"self":[{"href":"https:\/\/www.protoxtype.com\/de\/wp-json\/wp\/v2\/product\/40288","targetHints":{"allow":["GET"]}}],"collection":[{"href":"https:\/\/www.protoxtype.com\/de\/wp-json\/wp\/v2\/product"}],"about":[{"href":"https:\/\/www.protoxtype.com\/de\/wp-json\/wp\/v2\/types\/product"}],"version-history":[{"count":0,"href":"https:\/\/www.protoxtype.com\/de\/wp-json\/wp\/v2\/product\/40288\/revisions"}],"wp:featuredmedia":[{"embeddable":true,"href":"https:\/\/www.protoxtype.com\/de\/wp-json\/wp\/v2\/media\/40191"}],"wp:attachment":[{"href":"https:\/\/www.protoxtype.com\/de\/wp-json\/wp\/v2\/media?parent=40288"}],"wp:term":[{"taxonomy":"product_brand","embeddable":true,"href":"https:\/\/www.protoxtype.com\/de\/wp-json\/wp\/v2\/product_brand?post=40288"},{"taxonomy":"product_cat","embeddable":true,"href":"https:\/\/www.protoxtype.com\/de\/wp-json\/wp\/v2\/product_cat?post=40288"},{"taxonomy":"product_tag","embeddable":true,"href":"https:\/\/www.protoxtype.com\/de\/wp-json\/wp\/v2\/product_tag?post=40288"}],"curies":[{"name":"wp","href":"https:\/\/api.w.org\/{rel}","templated":true}]}}