{"id":40272,"date":"2020-11-23T09:41:28","date_gmt":"2020-11-23T08:41:28","guid":{"rendered":"http:\/\/www.protoxtype.com\/shop\/unkategorisiert\/abenteuer-daunenjacke\/"},"modified":"2024-01-24T13:04:05","modified_gmt":"2024-01-24T12:04:05","slug":"abenteuer-daunenjacke-aus-polyester","status":"publish","type":"product","link":"https:\/\/www.protoxtype.com\/de\/abenteuer-daunenjacke-aus-polyester\/","title":{"rendered":"Abenteuer Daunenjacke aus Polyester"},"content":{"rendered":"<h2>Abenteuer Daunenjacke aus Polyester<\/h2>\n<p>Diese jw\u00e4rmeversiegelte\u00a0Abenteuer Daunenjacke aus Polyester sch\u00fctzt mit ihrer Daune 90\/10 den ganzen Winter vor K\u00e4lte. Die wasserdichten Rei\u00dfverschl\u00fcsse, die in Klebetechnik angebracht werden, steigern die hohe Leistungsf\u00e4higkeit dieses Kleidungsst\u00fccks zus\u00e4tzlich. Diese wasserabweisende Daunenjacke ist nach dreidimensionalen Mustern gefertigt, f\u00fcr maximalen Komfort und Bewegungsfreiheit.<\/p>\n<p>Das Model tr\u00e4gt Gr\u00f6\u00dfe L<\/p>\n<p>&#8212;<\/p>\n<p>Komposition:<br \/>\n100% Oeko Tex Polyester<\/p>\n","protected":false},"excerpt":{"rendered":"<p>Diese ProtoXtype Adventure Jacket ist als Unisex-Kleidungsst\u00fcck konzipiert. Es ist leistungsstark und garantiert eine vollst\u00e4ndige Isolierung von Wasser und K\u00e4lte, ohne den Komfort zu beeintr\u00e4chtigen.<\/p>\n","protected":false},"featured_media":40221,"template":"","meta":{"_acf_changed":false},"product_brand":[],"product_cat":[591,592,694,696,695,216,210,677,224,220,681,675],"product_tag":[],"class_list":{"0":"post-40272","1":"product","2":"type-product","3":"status-publish","4":"has-post-thumbnail","6":"product_cat-als-beweis","7":"product_cat-ankundigungen","8":"product_cat-bootsbekleidung","9":"product_cat-bootsbekleidung-fur-damen","10":"product_cat-bootsbekleidung-fur-herren","11":"product_cat-jacken-damen","12":"product_cat-damenbekleidung-technische-stoffe","13":"product_cat-damenjacken-aus-technischen-stoffen","14":"product_cat-jacken-mann","15":"product_cat-herrenbekleidung-technische-stoffe","16":"product_cat-herrenjacken-aus-technischen-stoffen","17":"product_cat-outdoor-bekleidung-herren","18":"pa_colore-blau-navy","19":"pa_colore-waldgrun","20":"pa_taglia-l-de","21":"pa_taglia-m-de","22":"pa_taglia-s-de","23":"pa_taglia-xl-de","24":"pa_taglia-xs-de","25":"pa_taglia-xxl-de","26":"pa_taglia-xxxl-de","28":"first","29":"onbackorder","30":"shipping-taxable","31":"purchasable","32":"product-type-variable","33":"has-default-attributes"},"acf":[],"_links":{"self":[{"href":"https:\/\/www.protoxtype.com\/de\/wp-json\/wp\/v2\/product\/40272","targetHints":{"allow":["GET"]}}],"collection":[{"href":"https:\/\/www.protoxtype.com\/de\/wp-json\/wp\/v2\/product"}],"about":[{"href":"https:\/\/www.protoxtype.com\/de\/wp-json\/wp\/v2\/types\/product"}],"version-history":[{"count":0,"href":"https:\/\/www.protoxtype.com\/de\/wp-json\/wp\/v2\/product\/40272\/revisions"}],"wp:featuredmedia":[{"embeddable":true,"href":"https:\/\/www.protoxtype.com\/de\/wp-json\/wp\/v2\/media\/40221"}],"wp:attachment":[{"href":"https:\/\/www.protoxtype.com\/de\/wp-json\/wp\/v2\/media?parent=40272"}],"wp:term":[{"taxonomy":"product_brand","embeddable":true,"href":"https:\/\/www.protoxtype.com\/de\/wp-json\/wp\/v2\/product_brand?post=40272"},{"taxonomy":"product_cat","embeddable":true,"href":"https:\/\/www.protoxtype.com\/de\/wp-json\/wp\/v2\/product_cat?post=40272"},{"taxonomy":"product_tag","embeddable":true,"href":"https:\/\/www.protoxtype.com\/de\/wp-json\/wp\/v2\/product_tag?post=40272"}],"curies":[{"name":"wp","href":"https:\/\/api.w.org\/{rel}","templated":true}]}}