{"id":9430,"date":"2019-12-09T11:56:07","date_gmt":"2019-12-09T10:56:07","guid":{"rendered":"http:\/\/www.protoxtype.com\/privacy-policy\/"},"modified":"2024-01-26T10:13:56","modified_gmt":"2024-01-26T09:13:56","slug":"privacy-policy","status":"publish","type":"page","link":"https:\/\/www.protoxtype.com\/de\/privacy-policy\/","title":{"rendered":"DATENSCHUTZ-BESTIMMUNGEN"},"content":{"rendered":"\t\t<div data-elementor-type=\"wp-page\" data-elementor-id=\"9430\" class=\"elementor elementor-9430 elementor-9421\" data-elementor-post-type=\"page\">\n\t\t\t\t\t\t<section class=\"elementor-section elementor-top-section elementor-element elementor-element-68417e31 elementor-section-boxed elementor-section-height-default elementor-section-height-default\" data-id=\"68417e31\" data-element_type=\"section\" data-e-type=\"section\">\n\t\t\t\t\t\t<div class=\"elementor-container elementor-column-gap-default\">\n\t\t\t\t\t<div class=\"elementor-column elementor-col-100 elementor-top-column elementor-element elementor-element-c3cd1fe\" data-id=\"c3cd1fe\" data-element_type=\"column\" data-e-type=\"column\">\n\t\t\t<div class=\"elementor-widget-wrap elementor-element-populated\">\n\t\t\t\t\t\t<div class=\"elementor-element elementor-element-03c1951 elementor-widget elementor-widget-heading\" data-id=\"03c1951\" data-element_type=\"widget\" data-e-type=\"widget\" data-widget_type=\"heading.default\">\n\t\t\t\t<div class=\"elementor-widget-container\">\n\t\t\t\t\t<h2 class=\"elementor-heading-title elementor-size-default\">DATENSCHUTZ-BESTIMMUNGEN<\/h2>\t\t\t\t<\/div>\n\t\t\t\t<\/div>\n\t\t\t\t<div class=\"elementor-element elementor-element-32e58282 elementor-widget elementor-widget-text-editor\" data-id=\"32e58282\" data-element_type=\"widget\" data-e-type=\"widget\" data-widget_type=\"text-editor.default\">\n\t\t\t\t<div class=\"elementor-widget-container\">\n\t\t\t\t\t\t\t\t\t<p> Still Very Reggiani SA erkennt die Bedeutung des Schutzes der Daten seiner Kunden an, unabh\u00e4ngig davon, ob es sich um streng pers\u00f6nliche (z. B. Identifikationsdaten) oder finanzielle Daten (z. B. Kreditkartennummer) handelt.<\/p>\n<p> Aus diesem Grund garantiert Still Very Reggiani SA die Einf\u00fchrung spezifischer Verfahren und geeigneter Sicherheitsma\u00dfnahmen, um Ihre Daten bestm\u00f6glich zu sch\u00fctzen.<\/p>\n<p> Still Very Reggiani SA beh\u00e4lt sich das Recht vor, seine Datenschutzrichtlinie und folglich diese Informationen zu \u00e4ndern. <\/p>\n<p> Aktualisierungen werden auf derselben Website ver\u00f6ffentlicht. Wir empfehlen Ihnen daher, diese Seite der Website regelm\u00e4\u00dfig zu konsultieren. <\/p>\n<p> <strong>In Bezug auf personenbezogene Daten in Bezug auf Ihre Navigation auf der ProtoXtype\u00ae-Site <\/strong> <\/p>\n<p> Diese ProtoXtype\u00ae-Website wird von Still Very Reggiani SA \u00fcber ihre Niederlassungen in der Schweiz. <\/p>\n<p> Durch den Zugriff auf und die Nutzung der ProtoXtype\u00ae-Website stimmen Sie der in diesem Abschnitt der Datenschutzrichtlinie beschriebenen Datenverarbeitung zu.<\/p>\n<p> <strong>Cookies <\/strong> <\/p>\n<p> Still Very Reggiani SA verwendet Cookies und verfolgt die IP-Adresse, um die von der Website bereitgestellten Still Very Reggiani SA Dienste zu verbessern. <\/p>\n<p> Cookies sind Informationen, die eine Website zu Archivierungszwecken an den Browser Ihres Computers senden kann. Still Very Reggiani SA verwendet Cookies, um zu \u00fcberpr\u00fcfen, welche Seiten der Website wie oft besucht werden, um unsere Website benutzerfreundlicher zu gestalten und Ihnen bei jeder R\u00fcckkehr auf unsere Website einen einfacheren Zugriff zu erm\u00f6glichen. Cookies erm\u00f6glichen es uns beispielsweise, Ihr Login-Passwort zu kennen, um es nicht jedes Mal erneut eingeben zu m\u00fcssen, wenn Sie unsere Website besuchen. Viele Browser akzeptieren Cookies automatisch. Wenn Sie m\u00f6chten, k\u00f6nnen Cookies deaktiviert oder aus Ihrem Browser gel\u00f6scht werden. Spezifische Informationen zu Ihrem Browser finden Sie in der Symbolleiste Ihres Computers unter Hilfe. <\/p>\n<p> Still Very Reggiani SA kann das korrekte Funktionieren der Website ProtoxType.com nicht garantieren, falls Sie sich entscheiden, Cookies zu deaktivieren. F\u00fcr den Fall, dass die Cookies nicht deaktiviert werden, stimmen Sie deren Verwendung zu. <\/p>\n<p> <strong>Sicherheit <\/strong> <\/p>\n<p> Still Very Reggiani SA verwendet geeignete Sicherheitstools, um die uns zur Verf\u00fcgung gestellten Informationen zu sch\u00fctzen. Obwohl Still Very Reggiani SA alle erforderlichen Ma\u00dfnahmen ergreift, um die uns zur Verf\u00fcgung gestellten Informationen zu sch\u00fctzen, beachten Sie bitte, dass keine \u00dcbertragung von Informationen \u00fcber das Internet absolut gegen den Zugriff unbefugter Dritter garantiert werden kann und Still Very Reggiani SA nicht f\u00fcr Verst\u00f6\u00dfe gegen die Sicherheit haftbar gemacht werden kann nicht auf fahrl\u00e4ssiges Verhalten von SVR zur\u00fcckzuf\u00fchren. <\/p>\n<p> <strong> 1. Datenquelle <\/strong> <\/p>\n<p> Die von Still Very Reggiani SA verarbeiteten personenbezogenen Daten werden direkt von Ihnen zur Verf\u00fcgung gestellt, um sich auf der ProtoXtype\u00ae-Site zu registrieren und Mitteilungen und Ank\u00fcndigungen per E-Mail zu erhalten. <\/p>\n<p> Sollten sich diese Daten im Laufe der Zeit \u00e4ndern, wenden Sie sich bitte an die untenstehende Adresse, um uns \u00fcber die entsprechenden \u00c4nderungen zu informieren, damit wir Ihre personenbezogenen Daten korrekt und aktuell halten k\u00f6nnen. <\/p>\n<p> <strong> 2. Zweck der Datenverarbeitung <\/strong> <\/p>\n<p> Die von Ihnen angegebenen Daten k\u00f6nnen auf der Grundlage Ihrer ausdr\u00fccklichen Zustimmung von Still Very Reggiani SA f\u00fcr die Registrierung auf der Website verarbeitet werden, um Mitteilungen und Ank\u00fcndigungen zu ProtoXtype\u00ae-Produkten und -Veranstaltungen per E-Mail zu erhalten. <\/p>\n<p> <strong> 3. Verarbeitungsmethoden <\/strong> <\/p>\n<p> In Bezug auf die angegebenen Zwecke werden Ihre personenbezogenen Daten elektronisch auf sicheren Kan\u00e4len erhoben und haupts\u00e4chlich durch die Verwendung angemessen gesch\u00fctzter elektronischer Tools oder in Papierform verarbeitet. <\/p>\n<p> <strong> 4. Obligatorischer oder optionaler Charakter der Bereitstellung von Daten <\/strong> <\/p>\n<p> Um den Registrierungsprozess auf der Website abzuschlie\u00dfen, m\u00fcssen die angeforderten Daten angegeben werden; Daraus folgt, dass ihre Nichtbereitstellung es unm\u00f6glich macht, Ihre Anfrage zu bearbeiten. <\/p>\n<p> <strong> 5. Kategorien von Personen, denen die Daten mitgeteilt werden k\u00f6nnen <\/strong> <\/p>\n<p> Ihre personenbezogenen Daten werden von den Managern und Beauftragten von Still Very Reggiani SA oder anderen Dienstleistungsunternehmen verarbeitet, die als Datenverarbeiter f\u00fcr die oben angegebenen Zwecke fungieren. <\/p>\n<p> <strong> 6. Eigent\u00fcmer und Manager der Behandlung <\/strong> <\/p>\n<p> Eigent\u00fcmer ist Still Very Reggiani SA mit Sitz in Besazio (CH), Via Besazio 21 6863 <\/p>\n<p> <strong> Fragen, Beschwerden und Vorschl\u00e4ge <\/strong> <br \/> Alle, die an weiteren Informationen interessiert sind, ihre Vorschl\u00e4ge einbringen oder Beschwerden oder Streitigkeiten in Bezug auf die Datenschutzrichtlinien des Unternehmens oder die Art und Weise, wie Still Very Reggiani SA mit personenbezogenen Daten umgeht, vorbringen k\u00f6nnen Sie dies tun, indem Sie an die folgende E-Mail-Adresse schreiben: info@protoxtype.com <\/p>\n\t\t\t\t\t\t\t\t<\/div>\n\t\t\t\t<\/div>\n\t\t\t\t\t<\/div>\n\t\t<\/div>\n\t\t\t\t\t<\/div>\n\t\t<\/section>\n\t\t\t\t<\/div>\n\t\t","protected":false},"excerpt":{"rendered":"<p>DATENSCHUTZ-BESTIMMUNGEN Still Very Reggiani SA erkennt die Bedeutung des Schutzes der Daten seiner Kunden an, unabh\u00e4ngig davon, ob es sich um streng pers\u00f6nliche (z. B. Identifikationsdaten) oder finanzielle Daten (z. B. Kreditkartennummer) handelt. Aus diesem Grund garantiert Still Very Reggiani SA die Einf\u00fchrung spezifischer Verfahren und geeigneter Sicherheitsma\u00dfnahmen, um Ihre Daten bestm\u00f6glich zu sch\u00fctzen. Still [&hellip;]<\/p>\n","protected":false},"author":21,"featured_media":0,"parent":0,"menu_order":0,"comment_status":"closed","ping_status":"closed","template":"","meta":{"_acf_changed":false,"footnotes":""},"class_list":["post-9430","page","type-page","status-publish","hentry"],"acf":[],"_links":{"self":[{"href":"https:\/\/www.protoxtype.com\/de\/wp-json\/wp\/v2\/pages\/9430","targetHints":{"allow":["GET"]}}],"collection":[{"href":"https:\/\/www.protoxtype.com\/de\/wp-json\/wp\/v2\/pages"}],"about":[{"href":"https:\/\/www.protoxtype.com\/de\/wp-json\/wp\/v2\/types\/page"}],"author":[{"embeddable":true,"href":"https:\/\/www.protoxtype.com\/de\/wp-json\/wp\/v2\/users\/21"}],"replies":[{"embeddable":true,"href":"https:\/\/www.protoxtype.com\/de\/wp-json\/wp\/v2\/comments?post=9430"}],"version-history":[{"count":0,"href":"https:\/\/www.protoxtype.com\/de\/wp-json\/wp\/v2\/pages\/9430\/revisions"}],"wp:attachment":[{"href":"https:\/\/www.protoxtype.com\/de\/wp-json\/wp\/v2\/media?parent=9430"}],"curies":[{"name":"wp","href":"https:\/\/api.w.org\/{rel}","templated":true}]}}