{"id":8709,"date":"2019-10-19T08:17:56","date_gmt":"2019-10-19T06:17:56","guid":{"rendered":"http:\/\/www.protoxtype.com\/?page_id=8709"},"modified":"2023-10-23T16:23:24","modified_gmt":"2023-10-23T14:23:24","slug":"geschichte","status":"publish","type":"page","link":"https:\/\/www.protoxtype.com\/de\/geschichte\/","title":{"rendered":"Geschichte"},"content":{"rendered":"\t\t<div data-elementor-type=\"wp-page\" data-elementor-id=\"8709\" class=\"elementor elementor-8709 elementor-2495\" data-elementor-post-type=\"page\">\n\t\t\t\t\t\t<section class=\"elementor-section elementor-top-section elementor-element elementor-element-7c8b3b0 elementor-section-full_width elementor-section-height-default elementor-section-height-default\" data-id=\"7c8b3b0\" data-element_type=\"section\" data-e-type=\"section\" data-settings=\"{&quot;background_background&quot;:&quot;classic&quot;}\">\n\t\t\t\t\t\t\t<div class=\"elementor-background-overlay\"><\/div>\n\t\t\t\t\t\t\t<div class=\"elementor-container elementor-column-gap-default\">\n\t\t\t\t\t<div class=\"elementor-column elementor-col-100 elementor-top-column elementor-element elementor-element-6b82bda\" data-id=\"6b82bda\" data-element_type=\"column\" data-e-type=\"column\">\n\t\t\t<div class=\"elementor-widget-wrap elementor-element-populated\">\n\t\t\t\t\t\t<div class=\"elementor-element elementor-element-a5a1eb0 elementor-widget elementor-widget-heading\" data-id=\"a5a1eb0\" data-element_type=\"widget\" data-e-type=\"widget\" data-widget_type=\"heading.default\">\n\t\t\t\t<div class=\"elementor-widget-container\">\n\t\t\t\t\t<h1 class=\"elementor-heading-title elementor-size-default\">Unsere Geschichte<\/h1>\t\t\t\t<\/div>\n\t\t\t\t<\/div>\n\t\t\t\t\t<\/div>\n\t\t<\/div>\n\t\t\t\t\t<\/div>\n\t\t<\/section>\n\t\t\t\t<section class=\"elementor-section elementor-top-section elementor-element elementor-element-3480310 elementor-section-boxed elementor-section-height-default elementor-section-height-default\" data-id=\"3480310\" data-element_type=\"section\" data-e-type=\"section\">\n\t\t\t\t\t\t<div class=\"elementor-container elementor-column-gap-default\">\n\t\t\t\t\t<div class=\"elementor-column elementor-col-100 elementor-top-column elementor-element elementor-element-6e6d284\" data-id=\"6e6d284\" data-element_type=\"column\" data-e-type=\"column\">\n\t\t\t<div class=\"elementor-widget-wrap elementor-element-populated\">\n\t\t\t\t\t\t<div class=\"elementor-element elementor-element-fc25cbd elementor-widget elementor-widget-spacer\" data-id=\"fc25cbd\" data-element_type=\"widget\" data-e-type=\"widget\" data-widget_type=\"spacer.default\">\n\t\t\t\t<div class=\"elementor-widget-container\">\n\t\t\t\t\t\t\t<div class=\"elementor-spacer\">\n\t\t\t<div class=\"elementor-spacer-inner\"><\/div>\n\t\t<\/div>\n\t\t\t\t\t\t<\/div>\n\t\t\t\t<\/div>\n\t\t\t\t\t<\/div>\n\t\t<\/div>\n\t\t\t\t\t<\/div>\n\t\t<\/section>\n\t\t\t\t<section class=\"elementor-section elementor-top-section elementor-element elementor-element-204ced4 elementor-section-boxed elementor-section-height-default elementor-section-height-default\" data-id=\"204ced4\" data-element_type=\"section\" data-e-type=\"section\">\n\t\t\t\t\t\t<div class=\"elementor-container elementor-column-gap-default\">\n\t\t\t\t\t<div class=\"elementor-column elementor-col-50 elementor-top-column elementor-element elementor-element-ddfa991\" data-id=\"ddfa991\" data-element_type=\"column\" data-e-type=\"column\">\n\t\t\t<div class=\"elementor-widget-wrap elementor-element-populated\">\n\t\t\t\t\t\t<div class=\"elementor-element elementor-element-1a34a60 elementor-widget elementor-widget-image\" data-id=\"1a34a60\" data-element_type=\"widget\" data-e-type=\"widget\" data-widget_type=\"image.default\">\n\t\t\t\t<div class=\"elementor-widget-container\">\n\t\t\t\t\t\t\t\t\t\t\t\t\t\t\t<img fetchpriority=\"high\" decoding=\"async\" width=\"800\" height=\"711\" src=\"https:\/\/www.protoxtype.com\/wp-content\/uploads\/2019\/12\/protoxtype-storia-01.jpg\" class=\"attachment-large size-large wp-image-9630\" alt=\"storia protoxtype\" srcset=\"https:\/\/www.protoxtype.com\/wp-content\/uploads\/2019\/12\/protoxtype-storia-01.jpg 900w, https:\/\/www.protoxtype.com\/wp-content\/uploads\/2019\/12\/protoxtype-storia-01-600x533.jpg 600w, https:\/\/www.protoxtype.com\/wp-content\/uploads\/2019\/12\/protoxtype-storia-01-300x267.jpg 300w, https:\/\/www.protoxtype.com\/wp-content\/uploads\/2019\/12\/protoxtype-storia-01-768x683.jpg 768w, https:\/\/www.protoxtype.com\/wp-content\/uploads\/2019\/12\/protoxtype-storia-01-160x142.jpg 160w, https:\/\/www.protoxtype.com\/wp-content\/uploads\/2019\/12\/protoxtype-storia-01-220x196.jpg 220w, https:\/\/www.protoxtype.com\/wp-content\/uploads\/2019\/12\/protoxtype-storia-01-640x569.jpg 640w\" sizes=\"(max-width: 800px) 100vw, 800px\" \/>\t\t\t\t\t\t\t\t\t\t\t\t\t\t\t<\/div>\n\t\t\t\t<\/div>\n\t\t\t\t\t<\/div>\n\t\t<\/div>\n\t\t\t\t<div class=\"elementor-column elementor-col-50 elementor-top-column elementor-element elementor-element-82a8299\" data-id=\"82a8299\" data-element_type=\"column\" data-e-type=\"column\">\n\t\t\t<div class=\"elementor-widget-wrap elementor-element-populated\">\n\t\t\t\t\t\t<div class=\"elementor-element elementor-element-5bfd35a elementor-widget elementor-widget-text-editor\" data-id=\"5bfd35a\" data-element_type=\"widget\" data-e-type=\"widget\" data-widget_type=\"text-editor.default\">\n\t\t\t\t<div class=\"elementor-widget-container\">\n\t\t\t\t\t\t\t\t\t<h3 style=\"text-align: center;\"><span style=\"color: #ed6a0c;\"><strong>von 1976 bis 2004<\/strong><\/span><\/h3>\n<p> Mit 20 Jahren produzierte <strong>Gianfranco Reggiani<\/strong> seine erste Outdoor-Linie: Sie bestand haupts\u00e4chlich aus Rucks\u00e4cken, Zelten und Schlafs\u00e4cken f\u00fcr Berge und Trekking. Im gleichen Zeitraum entwarf er die <strong>erste Daunenjacke f\u00fcr das Hochgebirge<\/strong> mit Verst\u00e4rkungen und doppelt gepolsterten Innenschl\u00e4uchen f\u00fcr h\u00e4rtestes Klima. 1976 gr\u00fcndete er die erste Marke \u2013 <strong>TecnoAlp<\/strong> \u2013 und er\u00f6ffnete 1983 <strong>STD Reggiani<\/strong>: ein Unternehmen, das in der Lage ist, alle Dienstleistungen rund um technische und sportliche Bekleidung zu verwalten: vom Design bis hin zu Papiermustern und Prototypen.<\/p>\n<p>Von diesem Moment an wurden unsere Dienstleistungen von den ber\u00fchmtesten Outdoor- und technischen Bekleidungsunternehmen nachgefragt. Wir haben auch <strong>spezielle Maschinen zum Hei\u00dfversiegeln von Kleidung und Schuhen entwickelt.<\/p>\n\t\t\t\t\t\t\t\t<\/div>\n\t\t\t\t<\/div>\n\t\t\t\t\t<\/div>\n\t\t<\/div>\n\t\t\t\t\t<\/div>\n\t\t<\/section>\n\t\t\t\t<section class=\"elementor-section elementor-top-section elementor-element elementor-element-b7593bd elementor-section-boxed elementor-section-height-default elementor-section-height-default\" data-id=\"b7593bd\" data-element_type=\"section\" data-e-type=\"section\">\n\t\t\t\t\t\t<div class=\"elementor-container elementor-column-gap-default\">\n\t\t\t\t\t<div class=\"elementor-column elementor-col-50 elementor-top-column elementor-element elementor-element-3813592\" data-id=\"3813592\" data-element_type=\"column\" data-e-type=\"column\">\n\t\t\t<div class=\"elementor-widget-wrap elementor-element-populated\">\n\t\t\t\t\t\t<div class=\"elementor-element elementor-element-8adb552 elementor-widget elementor-widget-image\" data-id=\"8adb552\" data-element_type=\"widget\" data-e-type=\"widget\" data-widget_type=\"image.default\">\n\t\t\t\t<div class=\"elementor-widget-container\">\n\t\t\t\t\t\t\t\t\t\t\t\t\t\t\t<img decoding=\"async\" width=\"800\" height=\"711\" src=\"https:\/\/www.protoxtype.com\/wp-content\/uploads\/2019\/12\/protoxtype-storia-02.jpg\" class=\"attachment-large size-large wp-image-9633\" alt=\"\" srcset=\"https:\/\/www.protoxtype.com\/wp-content\/uploads\/2019\/12\/protoxtype-storia-02.jpg 900w, https:\/\/www.protoxtype.com\/wp-content\/uploads\/2019\/12\/protoxtype-storia-02-600x533.jpg 600w, https:\/\/www.protoxtype.com\/wp-content\/uploads\/2019\/12\/protoxtype-storia-02-300x267.jpg 300w, https:\/\/www.protoxtype.com\/wp-content\/uploads\/2019\/12\/protoxtype-storia-02-768x683.jpg 768w, https:\/\/www.protoxtype.com\/wp-content\/uploads\/2019\/12\/protoxtype-storia-02-160x142.jpg 160w, https:\/\/www.protoxtype.com\/wp-content\/uploads\/2019\/12\/protoxtype-storia-02-220x196.jpg 220w, https:\/\/www.protoxtype.com\/wp-content\/uploads\/2019\/12\/protoxtype-storia-02-640x569.jpg 640w\" sizes=\"(max-width: 800px) 100vw, 800px\">\t\t\t\t\t\t\t\t\t\t\t\t\t\t\t<\/div>\n\t\t\t\t<\/div>\n\t\t\t\t\t<\/div>\n\t\t<\/div>\n\t\t\t\t<div class=\"elementor-column elementor-col-50 elementor-top-column elementor-element elementor-element-63ff3ae\" data-id=\"63ff3ae\" data-element_type=\"column\" data-e-type=\"column\">\n\t\t\t<div class=\"elementor-widget-wrap elementor-element-populated\">\n\t\t\t\t\t\t<div class=\"elementor-element elementor-element-6b71add elementor-widget elementor-widget-text-editor\" data-id=\"6b71add\" data-element_type=\"widget\" data-e-type=\"widget\" data-widget_type=\"text-editor.default\">\n\t\t\t\t<div class=\"elementor-widget-container\">\n\t\t\t\t\t\t\t\t\t<p>Fasziniert von den F\u00e4higkeiten und Entwicklungsm\u00f6glichkeiten Chinas gr\u00fcndeten wir 1994 unser Joint Venture in Nantong, nahe Shanghai. Im Jahr 2004 wurde <strong>Heshan STD Garment Manufacturing Co. LTD<\/strong> in Heshan im S\u00fcden Chinas er\u00f6ffnet, wo die Hauptinvestition nach wie vor in der Forschung und <strong>Entwicklung neuer Technologien f\u00fcr die Bekleidungsanwendung<\/strong> liegt. <\/p>\n\t\t\t\t\t\t\t\t<\/div>\n\t\t\t\t<\/div>\n\t\t\t\t\t<\/div>\n\t\t<\/div>\n\t\t\t\t\t<\/div>\n\t\t<\/section>\n\t\t\t\t<section class=\"elementor-section elementor-top-section elementor-element elementor-element-5887d12 elementor-section-boxed elementor-section-height-default elementor-section-height-default\" data-id=\"5887d12\" data-element_type=\"section\" data-e-type=\"section\">\n\t\t\t\t\t\t<div class=\"elementor-container elementor-column-gap-default\">\n\t\t\t\t\t<div class=\"elementor-column elementor-col-100 elementor-top-column elementor-element elementor-element-acaeb94\" data-id=\"acaeb94\" data-element_type=\"column\" data-e-type=\"column\">\n\t\t\t<div class=\"elementor-widget-wrap elementor-element-populated\">\n\t\t\t\t\t\t<div class=\"elementor-element elementor-element-4d7f4cc elementor-widget elementor-widget-spacer\" data-id=\"4d7f4cc\" data-element_type=\"widget\" data-e-type=\"widget\" data-widget_type=\"spacer.default\">\n\t\t\t\t<div class=\"elementor-widget-container\">\n\t\t\t\t\t\t\t<div class=\"elementor-spacer\">\n\t\t\t<div class=\"elementor-spacer-inner\"><\/div>\n\t\t<\/div>\n\t\t\t\t\t\t<\/div>\n\t\t\t\t<\/div>\n\t\t\t\t<div class=\"elementor-element elementor-element-af870a1 elementor-widget elementor-widget-text-editor\" data-id=\"af870a1\" data-element_type=\"widget\" data-e-type=\"widget\" data-widget_type=\"text-editor.default\">\n\t\t\t\t<div class=\"elementor-widget-container\">\n\t\t\t\t\t\t\t\t\t<h3 style=\"text-align: center; color: #ff8d00; margin-top: 0px !important;\"><span style=\"color: #ed6a0c;\"><strong>von 2012 bis heute<\/strong><\/span><\/h3>\n<p><strong>ProtoXtype<\/strong> wurde 2012 aus dem Kopf eines Mannes geboren, der sein ganzes Leben lang gereist ist und dies auch heute noch tut. W\u00e4hrend seiner Erfahrungen erkannte Gianfranco Reggiani nicht nur die Notwendigkeit, <strong>eine \u00f6kologisch nachhaltige Marke zu schaffen<\/strong>, sondern auch die Bedeutung der <strong>Herstellung von Kleidungsst\u00fccken, die f\u00fcr Reisende entworfen wurden<\/strong>, ganz im Sinne von von Praktikabilit\u00e4t, Nachhaltigkeit und Komfort. Im Jahr 1976 war Gianfranco Reggiani ein Bergsteiger und H\u00f6hlenforscher, der mit seinen F\u00e4higkeiten als Designer begann, \u00e4u\u00dferst technische Jacken zu produzieren, die f\u00fcr alle seine Unternehmungen geeignet waren.<\/p>\n<p><strong>Im Jahr 2012<\/strong>, nach Jahren des Reisens und Erkundungen rund um die Welt, im Einklang mit seinen Lebenserfahrungen, beschloss er, eine <strong>Marke f\u00fcr den Reisenden<\/strong> zu schaffen und Kleidungsst\u00fccke zu entwerfen, die den Bed\u00fcrfnissen derjenigen gerecht werden, die wie er nie aufgehalten wurden und keine haben Absicht, dies jetzt zu tun.<\/p>\n<p><strong>ProtoXtype<\/strong> war sich der Sch\u00f6nheit unseres Planeten und der Zerbrechlichkeit seines \u00d6kosystems bewusst und wurde nicht nur als Marke f\u00fcr Reisende, sondern auch als nachhaltige Marke ins Leben gerufen und eine <strong>umweltfreundliche<\/strong> Marke: Alle verwendeten Materialien sind biologisch und umweltfreundlich, um das \u00d6kosystem zu unterst\u00fctzen. Aus dieser <strong>Synergie zwischen Reisenden und \u00f6kologischer Nachhaltigkeit<\/strong> entstand die Marke ProtoXtype, <a href=\"https:\/\/www.protoxtype.com\/de\/\">umweltfreundliche Kleidung online<\/a>.<\/p>\n\t\t\t\t\t\t\t\t<\/div>\n\t\t\t\t<\/div>\n\t\t\t\t\t<\/div>\n\t\t<\/div>\n\t\t\t\t\t<\/div>\n\t\t<\/section>\n\t\t\t\t<section class=\"elementor-section elementor-top-section elementor-element elementor-element-eaf9164 elementor-section-boxed elementor-section-height-default elementor-section-height-default\" data-id=\"eaf9164\" data-element_type=\"section\" data-e-type=\"section\">\n\t\t\t\t\t\t<div class=\"elementor-container elementor-column-gap-default\">\n\t\t\t\t\t<div class=\"elementor-column elementor-col-100 elementor-top-column elementor-element elementor-element-ef1ea73\" data-id=\"ef1ea73\" data-element_type=\"column\" data-e-type=\"column\">\n\t\t\t<div class=\"elementor-widget-wrap elementor-element-populated\">\n\t\t\t\t\t\t<div class=\"elementor-element elementor-element-a5bbe07 elementor-widget elementor-widget-text-editor\" data-id=\"a5bbe07\" data-element_type=\"widget\" data-e-type=\"widget\" data-widget_type=\"text-editor.default\">\n\t\t\t\t<div class=\"elementor-widget-container\">\n\t\t\t\t\t\t\t\t\t<h3 style=\"text-align: center;\"><span style=\"color: #ed6a0c;\"><strong>Morgen<\/strong><\/span><\/h3>\n<h5>Wir werden nie aufh\u00f6ren, daran zu glauben Was wir tun, und wir werden nie aufh\u00f6ren, unsere Reihen zu erweitern, indem wir Mitarbeiter hinzuf\u00fcgen, die ihre Arbeit lieben und sie mit Begeisterung ausf\u00fchren: Wir glauben, dass dies der richtige Weg ist, neue Seiten in unserer Geschichte zu schreiben.<\/h5>\n\t\t\t\t\t\t\t\t<\/div>\n\t\t\t\t<\/div>\n\t\t\t\t\t<\/div>\n\t\t<\/div>\n\t\t\t\t\t<\/div>\n\t\t<\/section>\n\t\t\t\t<\/div>\n\t\t","protected":false},"excerpt":{"rendered":"<p>Unsere Geschichte von 1976 bis 2004 Mit 20 Jahren produzierte Gianfranco Reggiani seine erste Outdoor-Linie: Sie bestand haupts\u00e4chlich aus Rucks\u00e4cken, Zelten und Schlafs\u00e4cken f\u00fcr Berge und Trekking. Im gleichen Zeitraum entwarf er die erste Daunenjacke f\u00fcr das Hochgebirge mit Verst\u00e4rkungen und doppelt gepolsterten Innenschl\u00e4uchen f\u00fcr h\u00e4rtestes Klima. 1976 gr\u00fcndete er die erste Marke \u2013 TecnoAlp [&hellip;]<\/p>\n","protected":false},"author":21,"featured_media":0,"parent":0,"menu_order":0,"comment_status":"closed","ping_status":"closed","template":"","meta":{"_acf_changed":false,"footnotes":""},"class_list":["post-8709","page","type-page","status-publish","hentry"],"acf":[],"_links":{"self":[{"href":"https:\/\/www.protoxtype.com\/de\/wp-json\/wp\/v2\/pages\/8709","targetHints":{"allow":["GET"]}}],"collection":[{"href":"https:\/\/www.protoxtype.com\/de\/wp-json\/wp\/v2\/pages"}],"about":[{"href":"https:\/\/www.protoxtype.com\/de\/wp-json\/wp\/v2\/types\/page"}],"author":[{"embeddable":true,"href":"https:\/\/www.protoxtype.com\/de\/wp-json\/wp\/v2\/users\/21"}],"replies":[{"embeddable":true,"href":"https:\/\/www.protoxtype.com\/de\/wp-json\/wp\/v2\/comments?post=8709"}],"version-history":[{"count":0,"href":"https:\/\/www.protoxtype.com\/de\/wp-json\/wp\/v2\/pages\/8709\/revisions"}],"wp:attachment":[{"href":"https:\/\/www.protoxtype.com\/de\/wp-json\/wp\/v2\/media?parent=8709"}],"curies":[{"name":"wp","href":"https:\/\/api.w.org\/{rel}","templated":true}]}}