{"id":8673,"date":"2019-10-22T07:03:09","date_gmt":"2019-10-22T05:03:09","guid":{"rendered":"http:\/\/www.protoxtype.com\/?page_id=8673"},"modified":"2026-01-29T11:19:34","modified_gmt":"2026-01-29T10:19:34","slug":"materialien","status":"publish","type":"page","link":"https:\/\/www.protoxtype.com\/de\/materialien\/","title":{"rendered":"Materialien"},"content":{"rendered":"\t\t<div data-elementor-type=\"wp-page\" data-elementor-id=\"8673\" class=\"elementor elementor-8673 elementor-2538\" data-elementor-post-type=\"page\">\n\t\t\t\t\t\t<section class=\"elementor-section elementor-top-section elementor-element elementor-element-52a6b1a elementor-section-full_width elementor-section-height-default elementor-section-height-default\" data-id=\"52a6b1a\" data-element_type=\"section\" data-e-type=\"section\" data-settings=\"{&quot;background_background&quot;:&quot;classic&quot;}\">\n\t\t\t\t\t\t\t<div class=\"elementor-background-overlay\"><\/div>\n\t\t\t\t\t\t\t<div class=\"elementor-container elementor-column-gap-default\">\n\t\t\t\t\t<div class=\"elementor-column elementor-col-100 elementor-top-column elementor-element elementor-element-3b9c399\" data-id=\"3b9c399\" data-element_type=\"column\" data-e-type=\"column\">\n\t\t\t<div class=\"elementor-widget-wrap elementor-element-populated\">\n\t\t\t\t\t\t<section class=\"elementor-section elementor-inner-section elementor-element elementor-element-0b799b4 elementor-section-full_width elementor-section-height-default elementor-section-height-default\" data-id=\"0b799b4\" data-element_type=\"section\" data-e-type=\"section\">\n\t\t\t\t\t\t<div class=\"elementor-container elementor-column-gap-default\">\n\t\t\t\t\t<div class=\"elementor-column elementor-col-100 elementor-inner-column elementor-element elementor-element-72ad67e\" data-id=\"72ad67e\" data-element_type=\"column\" data-e-type=\"column\">\n\t\t\t<div class=\"elementor-widget-wrap elementor-element-populated\">\n\t\t\t\t\t\t<div class=\"elementor-element elementor-element-9de8dd7 elementor-widget elementor-widget-heading\" data-id=\"9de8dd7\" data-element_type=\"widget\" data-e-type=\"widget\" data-widget_type=\"heading.default\">\n\t\t\t\t<div class=\"elementor-widget-container\">\n\t\t\t\t\t<h1 class=\"elementor-heading-title elementor-size-default\">Die Materialien<\/h1>\t\t\t\t<\/div>\n\t\t\t\t<\/div>\n\t\t\t\t\t<\/div>\n\t\t<\/div>\n\t\t\t\t\t<\/div>\n\t\t<\/section>\n\t\t\t\t\t<\/div>\n\t\t<\/div>\n\t\t\t\t\t<\/div>\n\t\t<\/section>\n\t\t\t\t<section class=\"elementor-section elementor-top-section elementor-element elementor-element-2a66f8b6 elementor-section-boxed elementor-section-height-default elementor-section-height-default\" data-id=\"2a66f8b6\" data-element_type=\"section\" data-e-type=\"section\">\n\t\t\t\t\t\t<div class=\"elementor-container elementor-column-gap-default\">\n\t\t\t\t\t<div class=\"elementor-column elementor-col-100 elementor-top-column elementor-element elementor-element-5aca6163\" data-id=\"5aca6163\" data-element_type=\"column\" data-e-type=\"column\">\n\t\t\t<div class=\"elementor-widget-wrap elementor-element-populated\">\n\t\t\t\t\t\t<div class=\"elementor-element elementor-element-211f016d elementor-widget elementor-widget-text-editor\" data-id=\"211f016d\" data-element_type=\"widget\" data-e-type=\"widget\" data-widget_type=\"text-editor.default\">\n\t\t\t\t<div class=\"elementor-widget-container\">\n\t\t\t\t\t\t\t\t\t<p> <img decoding=\"async\" class=\"alignleft\" src=\"https:\/\/www.protoxtype.com\/wp-content\/uploads\/2019\/11\/protoxtype-materiali-fibra-di-bamboo.jpg\" width=\"466\" alt=\"\"> <\/p>\n<h3 style = \"text-align: center; margin-top: 0px! important;\"> <strong> Bambusfaser <\/strong> <\/h3>\n<p style = \"text-align : justify ; \"><strong>Bambus<\/strong> ist eine <strong>sehr weiche Textilfaser, von Natur aus elastisch und immer frisch auf der Haut<\/strong>. Dies ist eines der Materialien, die wir bevorzugt bei der Herstellung unserer Bekleidungslinie verwenden, weil wir glauben, dass es ein <strong> idealer Stoff f\u00fcr Reisende <\/strong> ist. Bambus ist atmungsaktiv, schwei\u00dfabweisend und thermoregulierend: Dies macht diese Kleidungsst\u00fccke perfekt, um sie auf langen Reisen mit jedem Transportmittel und in jedem Klima zu tragen. Bambusfasern wirken auch als <strong> UV-Schutz <\/strong> und sind <strong> antimikrobiell <\/strong> . All diese unglaublichen Eigenschaften machen Bambus f\u00fcr jeden Anlass geeignet. <\/p>\n<p style = \"text-align: justify;\"> Bambusfasern sind nicht nur ein extrem leistungsstarker Stoff, sondern auch <strong> 100 % biologisch abbaubar und \u00f6kologisch nachhaltig <\/strong>: Die Bambuspflanze, aus der die gleichnamige Textilfaser nat\u00fcrlichen Ursprungs gewonnen wird, w\u00e4chst sehr schnell und ben\u00f6tigt etwa 1\/3 der Wassermenge einer Baumwollpflanze. Anders als die Baumwollpflanze hat Bambus keine nat\u00fcrlichen Parasiten und wird daher <strong> ohne den Einsatz von Chemikalien angebaut <\/strong> . Ein nat\u00fcrlicher Stoff mit zahlreichen Leistungen, der f\u00fcr diejenigen geeignet ist, die wie wir nicht zwischen Mode und Umweltschutz w\u00e4hlen m\u00f6chten. <\/p><\/p>\n\t\t\t\t\t\t\t\t<\/div>\n\t\t\t\t<\/div>\n\t\t\t\t<div class=\"elementor-element elementor-element-3efdee1 elementor-widget elementor-widget-text-editor\" data-id=\"3efdee1\" data-element_type=\"widget\" data-e-type=\"widget\" data-widget_type=\"text-editor.default\">\n\t\t\t\t<div class=\"elementor-widget-container\">\n\t\t\t\t\t\t\t\t\t<p> <img decoding=\"async\" class=\"alignright\" src=\"https:\/\/www.protoxtype.com\/wp-content\/uploads\/2019\/11\/protoxtype-materiali-polipropilene.jpg\" width=\"466\" alt=\"\"> <\/ p> <\/p>\n<h3 style = \"text-align: center; margin-top: 0px! important;\"> <strong>Das Polypropylen <\/strong> <\/h3>\n<p style = \"text-align: justify;\"> Das <strong> Polypropylenfaser <\/strong> wird aus Erd\u00f6lfraktionen gewonnen und eignet sich, obwohl es sich um ein Kunststoffderivat handelt, besonders gut f\u00fcr das Recycling. Das gesamte von uns verwendete Polypropylen ist <b>frei von Schadstoffen<\/b>.<\/p>\n<p style = \"text-align: justify;\">Wir haben diese Faser f\u00fcr die Herstellung einiger unserer ausgew\u00e4hlt Kleidungsst\u00fccke, da es sich um ein <strong> extrem leistungsstarkes Gewebe <\/strong> handelt, das dem gew\u00f6hnlichen Polyester bei weitem vorzuziehen ist. Polypropylen ist bekannterma\u00dfen eine Faser, die sich aufgrund ihres <strong> niedrigen Absorptionskoeffizienten von Fl\u00fcssigkeiten <\/strong> in Kombination mit ihrer <strong> isolierenden Wirkung <\/strong> zum Schutz vor K\u00e4lte besonders f\u00fcr die Herstellung von Sportbekleidung eignet. Dar\u00fcber hinaus ist dieses Material <strong> wasserabweisend, schmutzabweisend <\/strong> und hat <strong> hypoallergene und geruchshemmende Eigenschaften <\/strong>, wodurch es selbst f\u00fcr die abenteuerlustigsten Reisenden ideal ist. <\/p>\n<p style = \"text-align : justify; \">\n\t\t\t\t\t\t\t\t<\/div>\n\t\t\t\t<\/div>\n\t\t\t\t<div class=\"elementor-element elementor-element-6572f77 elementor-widget elementor-widget-text-editor\" data-id=\"6572f77\" data-element_type=\"widget\" data-e-type=\"widget\" data-widget_type=\"text-editor.default\">\n\t\t\t\t<div class=\"elementor-widget-container\">\n\t\t\t\t\t\t\t\t\t<img decoding=\"async\" class=\"alignleft\" src=\"https:\/\/www.protoxtype.com\/wp-content\/uploads\/2019\/11\/protoxtype-materiali-seta.jpg\" width=\"466\" alt=\"\">\r\n<h3 style = \"text-align: center; margin-top: 0px! important;\"> <strong>Wasserfeste Seide <\/strong> <\/h3>\r\n<p style = \"text-align: justify;\"> F\u00fcr die Herstellung dieses Stoffes haben wir eine <strong> sehr leichte Seide <\/strong> verwendet, die sich nach zahlreichen Recherchen und Entwicklung mehrerer Tests als am besten geeignet erwiesen hat bevor wir es mit einem Harzverfahren wasserdicht und atmungsaktiv machen k\u00f6nnen, das das Grundgewebe nicht besch\u00e4digt: Auf diese Weise haben wir ein <strong>vollst\u00e4ndig wasserdichtes feines Gewebe <\/strong> erhalten, das jedoch die Weichheit von Seide beibeh\u00e4lt. <\/strong> p>\r\n<p style = \"text-align: justify;\"> Zu den Merkmalen dieses Gewebes geh\u00f6ren seine <strong> Leichtigkeit <\/strong> und seine Wasserundurchl\u00e4ssigkeit sowie seine <strong> Winddichtheit <\/strong> und es bleibt ein atmungsaktives Gewebe , wodurch es geeignet ist, den Reisenden zu jeder Jahreszeit vor den Elementen zu sch\u00fctzen. <\/p>\r\n<p style = \"text-align: justify;\"> <\/p>\r\n\t\t\t\t\t\t\t\t<\/div>\n\t\t\t\t<\/div>\n\t\t\t\t<div class=\"elementor-element elementor-element-8dc613a elementor-widget elementor-widget-text-editor\" data-id=\"8dc613a\" data-element_type=\"widget\" data-e-type=\"widget\" data-widget_type=\"text-editor.default\">\n\t\t\t\t<div class=\"elementor-widget-container\">\n\t\t\t\t\t\t\t\t\t<p> <img decoding=\"async\" class=\"alignright\" src=\"https:\/\/www.protoxtype.com\/wp-content\/uploads\/2019\/11\/protoxtype-materiali-cotone-organico.jpg\" width=\"466\" alt=\"\"> <\/p>\n<h3 style = \"text-align: center; margin-top: 0px! important;\"> <strong>Bio-Baumwolle <\/strong> <\/h3>\n<p style = \"text-align: justify; \" > Bio-Baumwolle ist eine <strong> Naturfaser <\/strong> , die <strong> ohne Verwendung von chemischen, k\u00fcnstlichen oder giftigen Stoffen angebaut und verarbeitet wird <\/strong> . In Nutzpflanzen vorhandenes Unkraut wird manuell beseitigt, und die Sch\u00e4dlingsbek\u00e4mpfung erfolgt auf nat\u00fcrliche Weise. <\/p>\n<p style = \"text-align: justify;\"> Der Anbau von Bio-Baumwolle erfordert auch weniger Wasser: laut dem Bericht <em> Textile Exchange 2017 , <\/em> 182 Liter Wasser werden f\u00fcr jede Tonne Bio-Baumwolle verbraucht, w\u00e4hrend herk\u00f6mmliche Baumwolle 2.120 Liter pro Tonne verbraucht. <\/p>\n<p style = \"text-align: justify; \"> Wie viele Naturfasern, Bio Baumwolle ist au\u00dferdem <strong>sehr weich auf der Haut<\/strong>. Au\u00dferdem ist es <strong> hypoallergen <\/strong> und somit ideal f\u00fcr Allergiker. Leicht zu waschen und zu tragen, ist es ein Stoff, der f\u00fcr jeden Anlass geeignet ist. <\/p>\n\t\t\t\t\t\t\t\t<\/div>\n\t\t\t\t<\/div>\n\t\t\t\t\t<\/div>\n\t\t<\/div>\n\t\t\t\t\t<\/div>\n\t\t<\/section>\n\t\t\t\t<\/div>\n\t\t","protected":false},"excerpt":{"rendered":"<p>Die Materialien Bambusfaser Bambus ist eine sehr weiche Textilfaser, von Natur aus elastisch und immer frisch auf der Haut. Dies ist eines der Materialien, die wir bevorzugt bei der Herstellung unserer Bekleidungslinie verwenden, weil wir glauben, dass es ein idealer Stoff f\u00fcr Reisende ist. Bambus ist atmungsaktiv, schwei\u00dfabweisend und thermoregulierend: Dies macht diese Kleidungsst\u00fccke perfekt, [&hellip;]<\/p>\n","protected":false},"author":21,"featured_media":0,"parent":0,"menu_order":0,"comment_status":"closed","ping_status":"closed","template":"","meta":{"_acf_changed":false,"footnotes":""},"class_list":["post-8673","page","type-page","status-publish","hentry"],"acf":[],"_links":{"self":[{"href":"https:\/\/www.protoxtype.com\/de\/wp-json\/wp\/v2\/pages\/8673","targetHints":{"allow":["GET"]}}],"collection":[{"href":"https:\/\/www.protoxtype.com\/de\/wp-json\/wp\/v2\/pages"}],"about":[{"href":"https:\/\/www.protoxtype.com\/de\/wp-json\/wp\/v2\/types\/page"}],"author":[{"embeddable":true,"href":"https:\/\/www.protoxtype.com\/de\/wp-json\/wp\/v2\/users\/21"}],"replies":[{"embeddable":true,"href":"https:\/\/www.protoxtype.com\/de\/wp-json\/wp\/v2\/comments?post=8673"}],"version-history":[{"count":2,"href":"https:\/\/www.protoxtype.com\/de\/wp-json\/wp\/v2\/pages\/8673\/revisions"}],"predecessor-version":[{"id":63807,"href":"https:\/\/www.protoxtype.com\/de\/wp-json\/wp\/v2\/pages\/8673\/revisions\/63807"}],"wp:attachment":[{"href":"https:\/\/www.protoxtype.com\/de\/wp-json\/wp\/v2\/media?parent=8673"}],"curies":[{"name":"wp","href":"https:\/\/api.w.org\/{rel}","templated":true}]}}