{"id":60451,"date":"2023-09-19T09:29:13","date_gmt":"2023-09-19T07:29:13","guid":{"rendered":"https:\/\/www.protoxtype.com\/kleidung-natuerliche-oekologische-fasern\/"},"modified":"2026-01-29T11:15:42","modified_gmt":"2026-01-29T10:15:42","slug":"naturfasern-kleidung-und-oekologisch","status":"publish","type":"page","link":"https:\/\/www.protoxtype.com\/de\/naturfasern-kleidung-und-oekologisch\/","title":{"rendered":"Naturfasern Kleidung und \u00f6kologisch Schweiz"},"content":{"rendered":"\t\t<div data-elementor-type=\"wp-page\" data-elementor-id=\"60451\" class=\"elementor elementor-60451 elementor-60057\" data-elementor-post-type=\"page\">\n\t\t\t\t\t\t<section data-particle_enable=\"false\" data-particle-mobile-disabled=\"false\" class=\"elementor-section elementor-top-section elementor-element elementor-element-ea12f62 elementor-section-boxed elementor-section-height-default elementor-section-height-default\" data-id=\"ea12f62\" data-element_type=\"section\" data-e-type=\"section\">\n\t\t\t\t\t\t<div class=\"elementor-container elementor-column-gap-default\">\n\t\t\t\t\t<div class=\"elementor-column elementor-col-100 elementor-top-column elementor-element elementor-element-d0af95e\" data-id=\"d0af95e\" data-element_type=\"column\" data-e-type=\"column\">\n\t\t\t<div class=\"elementor-widget-wrap elementor-element-populated\">\n\t\t\t\t\t\t<div class=\"elementor-element elementor-element-e4fe00e elementor-widget elementor-widget-spacer\" data-id=\"e4fe00e\" data-element_type=\"widget\" data-e-type=\"widget\" data-widget_type=\"spacer.default\">\n\t\t\t\t<div class=\"elementor-widget-container\">\n\t\t\t\t\t\t\t<div class=\"elementor-spacer\">\n\t\t\t<div class=\"elementor-spacer-inner\"><\/div>\n\t\t<\/div>\n\t\t\t\t\t\t<\/div>\n\t\t\t\t<\/div>\n\t\t\t\t\t<\/div>\n\t\t<\/div>\n\t\t\t\t\t<\/div>\n\t\t<\/section>\n\t\t\t\t<section data-particle_enable=\"false\" data-particle-mobile-disabled=\"false\" class=\"elementor-section elementor-top-section elementor-element elementor-element-dc34d5d elementor-section-boxed elementor-section-height-default elementor-section-height-default\" data-id=\"dc34d5d\" data-element_type=\"section\" data-e-type=\"section\">\n\t\t\t\t\t\t<div class=\"elementor-container elementor-column-gap-default\">\n\t\t\t\t\t<div class=\"elementor-column elementor-col-100 elementor-top-column elementor-element elementor-element-4b40a53\" data-id=\"4b40a53\" data-element_type=\"column\" data-e-type=\"column\">\n\t\t\t<div class=\"elementor-widget-wrap elementor-element-populated\">\n\t\t\t\t\t\t<div class=\"elementor-element elementor-element-6ba0fae elementor-invisible elementor-widget elementor-widget-heading\" data-id=\"6ba0fae\" data-element_type=\"widget\" data-e-type=\"widget\" data-settings=\"{&quot;_animation&quot;:&quot;bounceInDown&quot;}\" data-widget_type=\"heading.default\">\n\t\t\t\t<div class=\"elementor-widget-container\">\n\t\t\t\t\t<h1 class=\"elementor-heading-title elementor-size-default\">Kleidung aus Naturfasern<\/h1>\t\t\t\t<\/div>\n\t\t\t\t<\/div>\n\t\t\t\t\t<\/div>\n\t\t<\/div>\n\t\t\t\t\t<\/div>\n\t\t<\/section>\n\t\t\t\t<section data-particle_enable=\"false\" data-particle-mobile-disabled=\"false\" class=\"elementor-section elementor-top-section elementor-element elementor-element-cba6732 elementor-section-boxed elementor-section-height-default elementor-section-height-default\" data-id=\"cba6732\" data-element_type=\"section\" data-e-type=\"section\">\n\t\t\t\t\t\t<div class=\"elementor-container elementor-column-gap-default\">\n\t\t\t\t\t<div class=\"elementor-column elementor-col-100 elementor-top-column elementor-element elementor-element-f3a04f8\" data-id=\"f3a04f8\" data-element_type=\"column\" data-e-type=\"column\">\n\t\t\t<div class=\"elementor-widget-wrap elementor-element-populated\">\n\t\t\t\t\t\t<div class=\"elementor-element elementor-element-7b8869e elementor-widget elementor-widget-spacer\" data-id=\"7b8869e\" data-element_type=\"widget\" data-e-type=\"widget\" data-widget_type=\"spacer.default\">\n\t\t\t\t<div class=\"elementor-widget-container\">\n\t\t\t\t\t\t\t<div class=\"elementor-spacer\">\n\t\t\t<div class=\"elementor-spacer-inner\"><\/div>\n\t\t<\/div>\n\t\t\t\t\t\t<\/div>\n\t\t\t\t<\/div>\n\t\t\t\t\t<\/div>\n\t\t<\/div>\n\t\t\t\t\t<\/div>\n\t\t<\/section>\n\t\t\t\t<section data-particle_enable=\"false\" data-particle-mobile-disabled=\"false\" class=\"elementor-section elementor-top-section elementor-element elementor-element-ba31d22 elementor-section-boxed elementor-section-height-default elementor-section-height-default\" data-id=\"ba31d22\" data-element_type=\"section\" data-e-type=\"section\">\n\t\t\t\t\t\t<div class=\"elementor-container elementor-column-gap-default\">\n\t\t\t\t\t<div class=\"elementor-column elementor-col-50 elementor-top-column elementor-element elementor-element-eddbdb4\" data-id=\"eddbdb4\" data-element_type=\"column\" data-e-type=\"column\">\n\t\t\t<div class=\"elementor-widget-wrap elementor-element-populated\">\n\t\t\t\t\t\t<div class=\"elementor-element elementor-element-4985863 elementor-invisible elementor-widget elementor-widget-heading\" data-id=\"4985863\" data-element_type=\"widget\" data-e-type=\"widget\" data-settings=\"{&quot;_animation&quot;:&quot;slideInLeft&quot;}\" data-widget_type=\"heading.default\">\n\t\t\t\t<div class=\"elementor-widget-container\">\n\t\t\t\t\t<h2 class=\"elementor-heading-title elementor-size-default\"><a href=\"https:\/\/www.protoxtype.com\/abbigliamento-fibre-naturali-uomo\/\">Herren kleidung aus Naturfasern<\/a><\/h2>\t\t\t\t<\/div>\n\t\t\t\t<\/div>\n\t\t\t\t<div class=\"elementor-element elementor-element-74f8d29 elementor-widget elementor-widget-spacer\" data-id=\"74f8d29\" data-element_type=\"widget\" data-e-type=\"widget\" data-widget_type=\"spacer.default\">\n\t\t\t\t<div class=\"elementor-widget-container\">\n\t\t\t\t\t\t\t<div class=\"elementor-spacer\">\n\t\t\t<div class=\"elementor-spacer-inner\"><\/div>\n\t\t<\/div>\n\t\t\t\t\t\t<\/div>\n\t\t\t\t<\/div>\n\t\t\t\t<div class=\"elementor-element elementor-element-6872a17 e-transform elementor-widget elementor-widget-image\" data-id=\"6872a17\" data-element_type=\"widget\" data-e-type=\"widget\" data-settings=\"{&quot;_transform_scale_effect_hover&quot;:{&quot;unit&quot;:&quot;px&quot;,&quot;size&quot;:1.1,&quot;sizes&quot;:[]},&quot;_transform_scale_effect_hover_tablet&quot;:{&quot;unit&quot;:&quot;px&quot;,&quot;size&quot;:&quot;&quot;,&quot;sizes&quot;:[]},&quot;_transform_scale_effect_hover_mobile&quot;:{&quot;unit&quot;:&quot;px&quot;,&quot;size&quot;:&quot;&quot;,&quot;sizes&quot;:[]}}\" data-widget_type=\"image.default\">\n\t\t\t\t<div class=\"elementor-widget-container\">\n\t\t\t\t\t\t\t\t\t\t\t\t\t\t\t\t<a href=\"https:\/\/www.protoxtype.com\/abbigliamento-fibre-naturali-uomo\/\">\n\t\t\t\t\t\t\t<img fetchpriority=\"high\" decoding=\"async\" width=\"300\" height=\"400\" src=\"https:\/\/www.protoxtype.com\/wp-content\/uploads\/2020\/11\/collezione-uomo-protoxtype-300x400.jpg\" class=\"attachment-woocommerce_thumbnail size-woocommerce_thumbnail wp-image-40390\" alt=\"abbigliamento fibre naturali uomo\" \/>\t\t\t\t\t\t\t\t<\/a>\n\t\t\t\t\t\t\t\t\t\t\t\t\t\t\t<\/div>\n\t\t\t\t<\/div>\n\t\t\t\t\t<\/div>\n\t\t<\/div>\n\t\t\t\t<div class=\"elementor-column elementor-col-50 elementor-top-column elementor-element elementor-element-ab09f24\" data-id=\"ab09f24\" data-element_type=\"column\" data-e-type=\"column\">\n\t\t\t<div class=\"elementor-widget-wrap elementor-element-populated\">\n\t\t\t\t\t\t<div class=\"elementor-element elementor-element-e1e3715 elementor-invisible elementor-widget elementor-widget-heading\" data-id=\"e1e3715\" data-element_type=\"widget\" data-e-type=\"widget\" data-settings=\"{&quot;_animation&quot;:&quot;slideInRight&quot;}\" data-widget_type=\"heading.default\">\n\t\t\t\t<div class=\"elementor-widget-container\">\n\t\t\t\t\t<h2 class=\"elementor-heading-title elementor-size-default\"><a href=\"https:\/\/www.protoxtype.com\/abbigliamento-donna-fibre-naturali\/\">Damen kleidung aus Naturfasern<\/a><\/h2>\t\t\t\t<\/div>\n\t\t\t\t<\/div>\n\t\t\t\t<div class=\"elementor-element elementor-element-9ba4579 elementor-widget elementor-widget-spacer\" data-id=\"9ba4579\" data-element_type=\"widget\" data-e-type=\"widget\" data-widget_type=\"spacer.default\">\n\t\t\t\t<div class=\"elementor-widget-container\">\n\t\t\t\t\t\t\t<div class=\"elementor-spacer\">\n\t\t\t<div class=\"elementor-spacer-inner\"><\/div>\n\t\t<\/div>\n\t\t\t\t\t\t<\/div>\n\t\t\t\t<\/div>\n\t\t\t\t<div class=\"elementor-element elementor-element-0e87a41 e-transform elementor-widget elementor-widget-image\" data-id=\"0e87a41\" data-element_type=\"widget\" data-e-type=\"widget\" data-settings=\"{&quot;_transform_scale_effect_hover&quot;:{&quot;unit&quot;:&quot;px&quot;,&quot;size&quot;:1.1,&quot;sizes&quot;:[]},&quot;_transform_scale_effect_hover_tablet&quot;:{&quot;unit&quot;:&quot;px&quot;,&quot;size&quot;:&quot;&quot;,&quot;sizes&quot;:[]},&quot;_transform_scale_effect_hover_mobile&quot;:{&quot;unit&quot;:&quot;px&quot;,&quot;size&quot;:&quot;&quot;,&quot;sizes&quot;:[]}}\" data-widget_type=\"image.default\">\n\t\t\t\t<div class=\"elementor-widget-container\">\n\t\t\t\t\t\t\t\t\t\t\t\t\t\t\t\t<a href=\"https:\/\/www.protoxtype.com\/abbigliamento-donna-fibre-naturali\/\">\n\t\t\t\t\t\t\t<img decoding=\"async\" width=\"300\" height=\"400\" src=\"https:\/\/www.protoxtype.com\/wp-content\/uploads\/2023\/09\/abbigliamento-fibre-naturali-donna-cut-300x400.jpg\" class=\"attachment-woocommerce_thumbnail size-woocommerce_thumbnail wp-image-61020\" alt=\"abbigliamento fibre naturali donna\" \/>\t\t\t\t\t\t\t\t<\/a>\n\t\t\t\t\t\t\t\t\t\t\t\t\t\t\t<\/div>\n\t\t\t\t<\/div>\n\t\t\t\t\t<\/div>\n\t\t<\/div>\n\t\t\t\t\t<\/div>\n\t\t<\/section>\n\t\t\t\t<section data-particle_enable=\"false\" data-particle-mobile-disabled=\"false\" class=\"elementor-section elementor-top-section elementor-element elementor-element-9bc581f elementor-section-boxed elementor-section-height-default elementor-section-height-default\" data-id=\"9bc581f\" data-element_type=\"section\" data-e-type=\"section\">\n\t\t\t\t\t\t<div class=\"elementor-container elementor-column-gap-default\">\n\t\t\t\t\t<div class=\"elementor-column elementor-col-100 elementor-top-column elementor-element elementor-element-94fc32a\" data-id=\"94fc32a\" data-element_type=\"column\" data-e-type=\"column\">\n\t\t\t<div class=\"elementor-widget-wrap elementor-element-populated\">\n\t\t\t\t\t\t<div class=\"elementor-element elementor-element-9dabb38 elementor-widget elementor-widget-spacer\" data-id=\"9dabb38\" data-element_type=\"widget\" data-e-type=\"widget\" data-widget_type=\"spacer.default\">\n\t\t\t\t<div class=\"elementor-widget-container\">\n\t\t\t\t\t\t\t<div class=\"elementor-spacer\">\n\t\t\t<div class=\"elementor-spacer-inner\"><\/div>\n\t\t<\/div>\n\t\t\t\t\t\t<\/div>\n\t\t\t\t<\/div>\n\t\t\t\t<div class=\"elementor-element elementor-element-07b5f86 elementor-widget elementor-widget-text-editor\" data-id=\"07b5f86\" data-element_type=\"widget\" data-e-type=\"widget\" data-widget_type=\"text-editor.default\">\n\t\t\t\t<div class=\"elementor-widget-container\">\n\t\t\t\t\t\t\t\t\t<p>ProtoXtype-Kleidung aus Naturfasern ist eine \u00f6kologische und nachhaltige Wahl, da diese Fasern recycelbar sind und direkt aus der Natur stammen. Dar\u00fcber hinaus sind alle unsere Naturfasern <strong>GOTS<\/strong> zertifiziert, ein internationaler Standard zur Zertifizierung von Naturfasern. Hier sind einige Beispiele f\u00fcr Naturfasern, die wir in unserer Kleidung verwenden:<\/p>\n<ul>\n<li><strong>Baumwolle<\/strong>: Baumwolle ist eine nat\u00fcrliche Pflanzenfaser, die aus Baumwollpflanzen, haupts\u00e4chlich aus der botanischen Art Gossypium, gewonnen wird. Diese Faser wird weltweit h\u00e4ufig zur Herstellung von Stoffen und Textilprodukten verwendet. <\/li>\n<li><strong>Bio-Baumwolle<\/strong>: Bio-Baumwolle ist eine Baumwollvariante, die nach nachhaltigen und biologischen landwirtschaftlichen Methoden angebaut wird. Die Produktion von Bio-Baumwolle basiert auf Prinzipien, die die Auswirkungen auf die Umwelt minimieren und die Gesundheit des Bodens, die Artenvielfalt und das Wohlbefinden der Landwirte f\u00f6rdern.<\/li>\n<li><strong>Seide<\/strong>: Seide wird von Seidenraupen produziert und ist ber\u00fchmt f\u00fcr ihren Glanz und ihre Weichheit.<\/li>\n<li><strong>Hanf<\/strong>: Hanf ist eine haltbare und nachhaltige Faser, die aus der Hanfpflanze gewonnen wird.<\/li>\n<li><strong>Bambus<\/strong>: Bambusfaser ist weich, leicht und \u00e4u\u00dferst atmungsaktiv. Es wird h\u00e4ufig zur Herstellung von Unterw\u00e4sche, T-Shirts und Sportbekleidung verwendet.<\/li>\n<\/ul>\n\t\t\t\t\t\t\t\t<\/div>\n\t\t\t\t<\/div>\n\t\t\t\t\t<\/div>\n\t\t<\/div>\n\t\t\t\t\t<\/div>\n\t\t<\/section>\n\t\t\t\t<\/div>\n\t\t","protected":false},"excerpt":{"rendered":"<p>Kleidung aus Naturfasern Herren kleidung aus Naturfasern Damen kleidung aus Naturfasern ProtoXtype-Kleidung aus Naturfasern ist eine \u00f6kologische und nachhaltige Wahl, da diese Fasern recycelbar sind und direkt aus der Natur stammen. Dar\u00fcber hinaus sind alle unsere Naturfasern GOTS zertifiziert, ein internationaler Standard zur Zertifizierung von Naturfasern. Hier sind einige Beispiele f\u00fcr Naturfasern, die wir in [&hellip;]<\/p>\n","protected":false},"author":21,"featured_media":0,"parent":0,"menu_order":0,"comment_status":"closed","ping_status":"closed","template":"","meta":{"_acf_changed":false,"footnotes":""},"class_list":["post-60451","page","type-page","status-publish","hentry"],"acf":[],"_links":{"self":[{"href":"https:\/\/www.protoxtype.com\/de\/wp-json\/wp\/v2\/pages\/60451","targetHints":{"allow":["GET"]}}],"collection":[{"href":"https:\/\/www.protoxtype.com\/de\/wp-json\/wp\/v2\/pages"}],"about":[{"href":"https:\/\/www.protoxtype.com\/de\/wp-json\/wp\/v2\/types\/page"}],"author":[{"embeddable":true,"href":"https:\/\/www.protoxtype.com\/de\/wp-json\/wp\/v2\/users\/21"}],"replies":[{"embeddable":true,"href":"https:\/\/www.protoxtype.com\/de\/wp-json\/wp\/v2\/comments?post=60451"}],"version-history":[{"count":1,"href":"https:\/\/www.protoxtype.com\/de\/wp-json\/wp\/v2\/pages\/60451\/revisions"}],"predecessor-version":[{"id":63802,"href":"https:\/\/www.protoxtype.com\/de\/wp-json\/wp\/v2\/pages\/60451\/revisions\/63802"}],"wp:attachment":[{"href":"https:\/\/www.protoxtype.com\/de\/wp-json\/wp\/v2\/media?parent=60451"}],"curies":[{"name":"wp","href":"https:\/\/api.w.org\/{rel}","templated":true}]}}