{"id":58364,"date":"2023-02-01T07:55:36","date_gmt":"2023-02-01T06:55:36","guid":{"rendered":"https:\/\/www.protoxtype.com\/?page_id=58364"},"modified":"2023-02-01T14:15:46","modified_gmt":"2023-02-01T13:15:46","slug":"kundendienst","status":"publish","type":"page","link":"https:\/\/www.protoxtype.com\/de\/kundendienst\/","title":{"rendered":"Kundendienst"},"content":{"rendered":"\t\t<div data-elementor-type=\"wp-page\" data-elementor-id=\"58364\" class=\"elementor elementor-58364 elementor-58363\" data-elementor-post-type=\"page\">\n\t\t\t\t\t\t<section class=\"elementor-section elementor-top-section elementor-element elementor-element-2112b983 elementor-section-boxed elementor-section-height-default elementor-section-height-default\" data-id=\"2112b983\" data-element_type=\"section\" data-e-type=\"section\">\n\t\t\t\t\t\t<div class=\"elementor-container elementor-column-gap-default\">\n\t\t\t\t\t<div class=\"elementor-column elementor-col-100 elementor-top-column elementor-element elementor-element-657d975a\" data-id=\"657d975a\" data-element_type=\"column\" data-e-type=\"column\">\n\t\t\t<div class=\"elementor-widget-wrap elementor-element-populated\">\n\t\t\t\t\t\t<div class=\"elementor-element elementor-element-3efe4fc elementor-widget elementor-widget-heading\" data-id=\"3efe4fc\" data-element_type=\"widget\" data-e-type=\"widget\" data-widget_type=\"heading.default\">\n\t\t\t\t<div class=\"elementor-widget-container\">\n\t\t\t\t\t<h2 class=\"elementor-heading-title elementor-size-default\">Kundendienst<\/h2>\t\t\t\t<\/div>\n\t\t\t\t<\/div>\n\t\t\t\t<div class=\"elementor-element elementor-element-388e01e7 elementor-widget elementor-widget-text-editor\" data-id=\"388e01e7\" data-element_type=\"widget\" data-e-type=\"widget\" data-widget_type=\"text-editor.default\">\n\t\t\t\t<div class=\"elementor-widget-container\">\n\t\t\t\t\t\t\t\t\t<p>F\u00fcr weitere Informationen und Unterst\u00fctzung auf der Website oder zu Online-Kaufmethoden kann der Kunde Still Very Reggiani SA \u00fcber die Seite <span style=\"text-decoration: underline;\"><a href=\"http:\/\/ www.protoxtype.com\/contatti\/\">Kontakte<\/a> <\/span>oder an folgende Adressen:<\/p>\n<p>Still Very Reggiani SA<\/p>\n<p>Via Besazio 21,<\/ p ><\/p>\n<p> 6863 Besazio (CH)<\/p>\n<p> +41 91 641 70 00<\/p>\n<p>CHE-115.707.994<\/p>\n\t\t\t\t\t\t\t\t<\/div>\n\t\t\t\t<\/div>\n\t\t\t\t\t<\/div>\n\t\t<\/div>\n\t\t\t\t\t<\/div>\n\t\t<\/section>\n\t\t\t\t<\/div>\n\t\t","protected":false},"excerpt":{"rendered":"<p>Kundendienst F\u00fcr weitere Informationen und Unterst\u00fctzung auf der Website oder zu Online-Kaufmethoden kann der Kunde Still Very Reggiani SA \u00fcber die Seite Kontakte oder an folgende Adressen: Still Very Reggiani SA Via Besazio 21, 6863 Besazio (CH) +41 91 641 70 00 CHE-115.707.994<\/p>\n","protected":false},"author":21,"featured_media":0,"parent":0,"menu_order":0,"comment_status":"closed","ping_status":"closed","template":"","meta":{"_acf_changed":false,"footnotes":""},"class_list":["post-58364","page","type-page","status-publish","hentry"],"acf":[],"_links":{"self":[{"href":"https:\/\/www.protoxtype.com\/de\/wp-json\/wp\/v2\/pages\/58364","targetHints":{"allow":["GET"]}}],"collection":[{"href":"https:\/\/www.protoxtype.com\/de\/wp-json\/wp\/v2\/pages"}],"about":[{"href":"https:\/\/www.protoxtype.com\/de\/wp-json\/wp\/v2\/types\/page"}],"author":[{"embeddable":true,"href":"https:\/\/www.protoxtype.com\/de\/wp-json\/wp\/v2\/users\/21"}],"replies":[{"embeddable":true,"href":"https:\/\/www.protoxtype.com\/de\/wp-json\/wp\/v2\/comments?post=58364"}],"version-history":[{"count":0,"href":"https:\/\/www.protoxtype.com\/de\/wp-json\/wp\/v2\/pages\/58364\/revisions"}],"wp:attachment":[{"href":"https:\/\/www.protoxtype.com\/de\/wp-json\/wp\/v2\/media?parent=58364"}],"curies":[{"name":"wp","href":"https:\/\/api.w.org\/{rel}","templated":true}]}}