{"id":58351,"date":"2023-02-01T07:49:10","date_gmt":"2023-02-01T06:49:10","guid":{"rendered":"https:\/\/www.protoxtype.com\/?page_id=58351"},"modified":"2023-02-01T14:16:24","modified_gmt":"2023-02-01T13:16:24","slug":"versand-und-ruecksendungen","status":"publish","type":"page","link":"https:\/\/www.protoxtype.com\/de\/versand-und-ruecksendungen\/","title":{"rendered":"Versand und R\u00fccksendungen"},"content":{"rendered":"\t\t<div data-elementor-type=\"wp-page\" data-elementor-id=\"58351\" class=\"elementor elementor-58351 elementor-58350\" data-elementor-post-type=\"page\">\n\t\t\t\t\t\t<section class=\"elementor-section elementor-top-section elementor-element elementor-element-2112b983 elementor-section-boxed elementor-section-height-default elementor-section-height-default\" data-id=\"2112b983\" data-element_type=\"section\" data-e-type=\"section\">\n\t\t\t\t\t\t<div class=\"elementor-container elementor-column-gap-default\">\n\t\t\t\t\t<div class=\"elementor-column elementor-col-100 elementor-top-column elementor-element elementor-element-657d975a\" data-id=\"657d975a\" data-element_type=\"column\" data-e-type=\"column\">\n\t\t\t<div class=\"elementor-widget-wrap elementor-element-populated\">\n\t\t\t\t\t\t<div class=\"elementor-element elementor-element-3efe4fc elementor-widget elementor-widget-heading\" data-id=\"3efe4fc\" data-element_type=\"widget\" data-e-type=\"widget\" data-widget_type=\"heading.default\">\n\t\t\t\t<div class=\"elementor-widget-container\">\n\t\t\t\t\t<h2 class=\"elementor-heading-title elementor-size-default\">Versand und R\u00fccksendungen<\/h2>\t\t\t\t<\/div>\n\t\t\t\t<\/div>\n\t\t\t\t<div class=\"elementor-element elementor-element-388e01e7 elementor-widget elementor-widget-text-editor\" data-id=\"388e01e7\" data-element_type=\"widget\" data-e-type=\"widget\" data-widget_type=\"text-editor.default\">\n\t\t\t\t<div class=\"elementor-widget-container\">\n\t\t\t\t\t\t\t\t\t<p><strong>1. Transport und Lieferung<\/strong><\/p>\n<p><strong>1.1<\/strong><\/p>\n<p>F\u00fcr jede Bestellung auf der Website stellt Still Very Reggiani SA eine Rechnung f\u00fcr die versandten Produkte aus und sendet sie per E-Mail oder Post an den Inhaber der Bestellung. F\u00fcr die Rechnungsstellung gelten die Angaben des Kunden zum Zeitpunkt der Bestellung. Nach Ausstellung der Rechnung ist keine \u00c4nderung mehr m\u00f6glich.<\/p>\n<p><strong>1.2<\/strong><\/p>\n<p>Die Versandkosten gehen zu Lasten des Kunden und werden in der Bestellung deutlich hervorgehoben Formular.<\/p>\n<p><strong>1.3<\/strong><\/p>\n<p>Alle Eink\u00e4ufe werden per Expresskurier und Schweizer Post geliefert, beginnend am Werktag nach dem Best\u00e4tigungsdatum der Bestellung des Bestellvorschlags, basierend auf der angezeigten Verf\u00fcgbarkeit. Still Very Reggiani SA ist nicht verantwortlich f\u00fcr unvorhersehbare Verz\u00f6gerungen und\/oder Verz\u00f6gerungen, die dem Kurier zuzuschreiben sind.<\/p>\n<p><strong>1.4<\/strong><\/p>\n<p>In jedem Fall, au\u00dfer in F\u00e4llen h\u00f6herer Gewalt H\u00f6here Gewalt oder unvorhersehbare Umst\u00e4nde werden die Produkte innerhalb von maximal 30 (drei\u00dfig) Tagen ab dem Tag nach Vertragsschluss gem\u00e4\u00df vorstehendem Absatz 7.1 geliefert, es sei denn, Still Very Reggiani SA benachrichtigt &#8211; innerhalb derselben Frist oder innerhalb der vereinbarter Endtermin f\u00fcr die Lieferung, auch per E-Mail \u2013 die Unm\u00f6glichkeit, die bestellten Produkte zu liefern, nachdem die Produkte nicht verf\u00fcgbar sind, auch nur vor\u00fcbergehend. Im Falle einer solchen Mitteilung erstattet Still Very Reggiani SA alle Betr\u00e4ge, die der Kunde bereits f\u00fcr die Zahlung der Lieferung gezahlt hat.<\/p>\n<p><strong>1.5<\/strong><\/p>\n<p>Im Falls der Kunde nach Mitteilung von Still Very Reggiani SA \u00fcber eine Verz\u00f6gerung des Liefertermins die Bestellung stornieren m\u00f6chte, wird der vom Kunden bereits bezahlte Betrag so schnell wie m\u00f6glich zur\u00fcckerstattet, in jedem Fall jedoch nicht sp\u00e4ter als am 30 (drei\u00dfig) Tage ab dem Datum des Eingangs der Stornierungsmitteilung bei Still Very Reggiani SA.<\/p>\n<p><strong>1.6<\/strong><\/p>\n<p>F\u00fcr die Lieferung der Produkten ist die Anwesenheit des Kunden oder seines Vertreters an der in der Bestellung angegebenen Empf\u00e4ngeradresse erforderlich. Bei der Lieferung der Produkte durch den Kurier muss der Kunde Folgendes \u00fcberpr\u00fcfen:<\/p>\n<p>(i) dass die Anzahl der gelieferten Pakete den Angaben im Transportdokument (DDT) entspricht;<\/p >< p>(ii) dass die Verpackung intakt, nicht besch\u00e4digt, nass oder anderweitig ver\u00e4ndert ist, einschlie\u00dflich der Dichtungsmaterialien. Jede Besch\u00e4digung der Verpackung und\/oder des Produkts oder die Nicht\u00fcbereinstimmung der Anzahl der Pakete oder Angaben muss unverz\u00fcglich schriftlich auf dem Lieferschein des Kuriers gemeldet werden. Sobald das Kurierdokument unterzeichnet wurde, ohne dass der Kunde Einw\u00e4nde erhoben hat, kann der Kunde keine Einw\u00e4nde gegen die \u00e4u\u00dferen Merkmale des gelieferten Pakets erheben.<\/p>\n<p><strong>2. Versand- und Lieferbest\u00e4tigung <\/strong><\/p>\n<p>Still Very Reggiani SA sendet dem Kunden eine Best\u00e4tigungs-E-Mail, sobald die Produkte versandt wurden, sowie eine anschlie\u00dfende Mitteilung zur Best\u00e4tigung der Lieferung.<\/p>\n<p > <strong>3. Widerrufs- und Stornierungsrecht von Bestellungen<\/strong><\/p>\n<p><strong>3.1<\/strong><\/p>\n<p>Still Very Reggiani SA m\u00f6chte eine vollst\u00e4ndige Kundenzufriedenheit garantieren. Der Kunde hat das Recht, unter Angabe von Gr\u00fcnden vom Vertrag zur\u00fcckzutreten und die auf der Website gekauften Produkte innerhalb von 7 (sieben) Werktagen ab Erhalt der Produkte zur\u00fcckzugeben.<\/p>\n<p><strong>3.2 < \/strong><\/p>\n<p>Um das Widerrufsrecht auszu\u00fcben, muss der Kunde eine E-Mail an folgende Adresse senden: info@protoxtype.com mit:<\/p>\n<p>der Willenserkl\u00e4rung vom Widerrufsrecht Gebrauch machen;<\/p>\n<p>die Angabe der Produkte, f\u00fcr die der Kunde das Widerrufsrecht aus\u00fcben m\u00f6chte;<\/p>\n<p>die von Still Very Reggiani SA mitgeteilte fortlaufende Bestellnummer unter zum Zeitpunkt der Best\u00e4tigung des Kaufs;<\/p>\n<p>der IBAN-Code des Kunden, um die R\u00fcckerstattung vorzunehmen.<\/p>\n<p><strong>3.3<\/strong><\/p>\n<p>In Im Falle der Aus\u00fcbung des Widerrufsrechts erstattet Still Very Reggiani SA den vollen Preis der Produkte, sofern diese vom Kunden ungetragen, unbenutzt und unbesch\u00e4digt sowie zusammen mit der R\u00fccksendung zur\u00fcckgegeben werden Originalrechnung und mit ProtoXtype-Verpackung. Still Very Reggiani SA akzeptiert R\u00fccksendungen und Umtausch von Produkten, die mit einem R\u00fccksende-\/Umtauschetikett oder -aufkleber oder -siegel geliefert wurden, nur dann, wenn die obigen R\u00fcckgabeanweisungen korrekt befolgt wurden und wenn das Etikett oder der Aufkleber oder das Siegel intakt und angebracht sind des Produkts.<\/p>\n<p><strong>3.4<\/strong><\/p>\n<p>Still Very Reggiani SA beh\u00e4lt sich das Recht vor, die R\u00fccksendung von Produkten abzulehnen, die diese Anforderungen nicht erf\u00fcllen. Bei fehlerhaften Produkten gelten die Bestimmungen des Absatzes 15 \u201eKonformit\u00e4tsm\u00e4ngel\u201c. R\u00fcckerstattungen erfolgen mit derselben Zahlungsmethode, die f\u00fcr den Kauf verwendet wurde. Der Preis der online gekauften Produkte kann von ProtoXtype\u00ae-Gesch\u00e4ften nicht erstattet werden.<\/p>\n<p><strong>3.5<\/strong><\/p>\n<p>Die Kosten f\u00fcr die R\u00fccksendung der Produkte gehen zu Lasten des Kunden; etwaige Kosten, die dem Kunden f\u00fcr die R\u00fccksendung entstehen, werden nicht erstattet.<\/p>\n<p><strong>3.6<\/strong><\/p>\n<p>Still Very Reggiani SA verpflichtet sich, dem Kunden innerhalb von und sp\u00e4testens bis zu erstatten 30 Tage ab Erhalt der Stornierungs- oder Widerrufsmitteilung bei Still Very Reggiani SA.<\/p>\n<p><strong>3.7<\/strong><\/p>\n<p>Still Very Reggiani SA sendet eine Benachrichtigung E-Mail, sobald die R\u00fcckerstattung erfolgt ist.<\/p>\n<p><strong>3.8<\/strong><\/p>\n<p>Es wird empfohlen, die zur\u00fcckzusendenden Produkte in voller H\u00f6he zu versenden, und darauf achten, eine Sendungsverfolgungsnummer zu erhalten, um die Sendung verfolgen zu k\u00f6nnen. Still Very Reggiani SA ist nicht verantwortlich f\u00fcr die Erstattung oder Entsch\u00e4digung in Bezug auf Produkte, die vom Kunden versandt, aber aufgrund von Verlust, Diebstahl oder Besch\u00e4digung, die Still Very Reggiani SA nicht zuzuschreiben sind, nie von Still Very Reggiani SA erhalten wurden.< \/p ><\/p>\n<p><strong>4. Konformit\u00e4tsm\u00e4ngel<\/strong><\/p>\n<p>F\u00fcr den Verkauf der Produkte gelten die gesetzlichen Gew\u00e4hrleistungen des schweizerischen materiellen Rechts, insbesondere die Bestimmungen des Obligationenrechts.<\/p>\n<\/p >\n\t\t\t\t\t\t\t\t<\/div>\n\t\t\t\t<\/div>\n\t\t\t\t\t<\/div>\n\t\t<\/div>\n\t\t\t\t\t<\/div>\n\t\t<\/section>\n\t\t\t\t<\/div>\n\t\t","protected":false},"excerpt":{"rendered":"<p>Versand und R\u00fccksendungen 1. Transport und Lieferung 1.1 F\u00fcr jede Bestellung auf der Website stellt Still Very Reggiani SA eine Rechnung f\u00fcr die versandten Produkte aus und sendet sie per E-Mail oder Post an den Inhaber der Bestellung. F\u00fcr die Rechnungsstellung gelten die Angaben des Kunden zum Zeitpunkt der Bestellung. Nach Ausstellung der Rechnung ist [&hellip;]<\/p>\n","protected":false},"author":21,"featured_media":0,"parent":0,"menu_order":0,"comment_status":"closed","ping_status":"closed","template":"","meta":{"_acf_changed":false,"footnotes":""},"class_list":["post-58351","page","type-page","status-publish","hentry"],"acf":[],"_links":{"self":[{"href":"https:\/\/www.protoxtype.com\/de\/wp-json\/wp\/v2\/pages\/58351","targetHints":{"allow":["GET"]}}],"collection":[{"href":"https:\/\/www.protoxtype.com\/de\/wp-json\/wp\/v2\/pages"}],"about":[{"href":"https:\/\/www.protoxtype.com\/de\/wp-json\/wp\/v2\/types\/page"}],"author":[{"embeddable":true,"href":"https:\/\/www.protoxtype.com\/de\/wp-json\/wp\/v2\/users\/21"}],"replies":[{"embeddable":true,"href":"https:\/\/www.protoxtype.com\/de\/wp-json\/wp\/v2\/comments?post=58351"}],"version-history":[{"count":0,"href":"https:\/\/www.protoxtype.com\/de\/wp-json\/wp\/v2\/pages\/58351\/revisions"}],"wp:attachment":[{"href":"https:\/\/www.protoxtype.com\/de\/wp-json\/wp\/v2\/media?parent=58351"}],"curies":[{"name":"wp","href":"https:\/\/api.w.org\/{rel}","templated":true}]}}