{"id":56037,"date":"2022-10-03T16:15:00","date_gmt":"2022-10-03T14:15:00","guid":{"rendered":"https:\/\/www.protoxtype.com\/bambuskleidung\/"},"modified":"2026-02-19T17:56:17","modified_gmt":"2026-02-19T16:56:17","slug":"bambuskleidung","status":"publish","type":"page","link":"https:\/\/www.protoxtype.com\/de\/bambuskleidung\/","title":{"rendered":"Bambuskleidung Schweiz"},"content":{"rendered":"\t\t<div data-elementor-type=\"wp-page\" data-elementor-id=\"56037\" class=\"elementor elementor-56037 elementor-55986\" data-elementor-post-type=\"page\">\n\t\t\t\t\t\t<section class=\"elementor-section elementor-top-section elementor-element elementor-element-b7ae4e8 elementor-section-boxed elementor-section-height-default elementor-section-height-default\" data-id=\"b7ae4e8\" data-element_type=\"section\" data-e-type=\"section\">\n\t\t\t\t\t\t<div class=\"elementor-container elementor-column-gap-default\">\n\t\t\t\t\t<div class=\"elementor-column elementor-col-100 elementor-top-column elementor-element elementor-element-156dbac\" data-id=\"156dbac\" data-element_type=\"column\" data-e-type=\"column\">\n\t\t\t<div class=\"elementor-widget-wrap elementor-element-populated\">\n\t\t\t\t\t\t<div class=\"elementor-element elementor-element-f14ac39 elementor-widget elementor-widget-spacer\" data-id=\"f14ac39\" data-element_type=\"widget\" data-e-type=\"widget\" data-widget_type=\"spacer.default\">\n\t\t\t\t<div class=\"elementor-widget-container\">\n\t\t\t\t\t\t\t<div class=\"elementor-spacer\">\n\t\t\t<div class=\"elementor-spacer-inner\"><\/div>\n\t\t<\/div>\n\t\t\t\t\t\t<\/div>\n\t\t\t\t<\/div>\n\t\t\t\t<div class=\"elementor-element elementor-element-667b7ba elementor-widget elementor-widget-heading\" data-id=\"667b7ba\" data-element_type=\"widget\" data-e-type=\"widget\" data-widget_type=\"heading.default\">\n\t\t\t\t<div class=\"elementor-widget-container\">\n\t\t\t\t\t<h1 class=\"elementor-heading-title elementor-size-default\">Bambuskleidung<\/h1>\t\t\t\t<\/div>\n\t\t\t\t<\/div>\n\t\t\t\t\t<\/div>\n\t\t<\/div>\n\t\t\t\t\t<\/div>\n\t\t<\/section>\n\t\t\t\t<section class=\"elementor-section elementor-top-section elementor-element elementor-element-de4d879 elementor-section-boxed elementor-section-height-default elementor-section-height-default\" data-id=\"de4d879\" data-element_type=\"section\" data-e-type=\"section\">\n\t\t\t\t\t\t<div class=\"elementor-container elementor-column-gap-default\">\n\t\t\t\t\t<div class=\"elementor-column elementor-col-100 elementor-top-column elementor-element elementor-element-78b8f26\" data-id=\"78b8f26\" data-element_type=\"column\" data-e-type=\"column\">\n\t\t\t<div class=\"elementor-widget-wrap elementor-element-populated\">\n\t\t\t\t\t\t<div class=\"elementor-element elementor-element-c88c589 elementor-widget elementor-widget-spacer\" data-id=\"c88c589\" data-element_type=\"widget\" data-e-type=\"widget\" data-widget_type=\"spacer.default\">\n\t\t\t\t<div class=\"elementor-widget-container\">\n\t\t\t\t\t\t\t<div class=\"elementor-spacer\">\n\t\t\t<div class=\"elementor-spacer-inner\"><\/div>\n\t\t<\/div>\n\t\t\t\t\t\t<\/div>\n\t\t\t\t<\/div>\n\t\t\t\t<div class=\"elementor-element elementor-element-75e85b6 elementor-widget elementor-widget-text-editor\" data-id=\"75e85b6\" data-element_type=\"widget\" data-e-type=\"widget\" data-widget_type=\"text-editor.default\">\n\t\t\t\t<div class=\"elementor-widget-container\">\n\t\t\t\t\t\t\t\t\t<p>Entdecke Bambuskleidung f\u00fcr Damen und Herren \u2013 angenehm weich, atmungsaktiv und ideal f\u00fcr Alltag, Reisen und Outdoor. Unsere Modelle aus Bambusfaser f\u00fchlen sich leicht auf der Haut an und sind besonders komfortabel, wenn du Wert auf nat\u00fcrliche Materialien legst. Hier findest du die Kollektionen f\u00fcr <b>Herren<\/b> und <b>Damen<\/b> sowie Infos zu Pflege, Gr\u00f6ssen, Versand und Retouren in der Schweiz.<\/p>\n<p>Der Bambusstoff, den wir f\u00fcr unsere Bambus kleidung verwenden, ist atmungsaktiv und saugf\u00e4hig: Er l\u00e4sst Ihre Haut atmen und bleibt perfekt trocken, wodurch Ihr K\u00f6rper 1 bis 2 Grad k\u00fchler bleibt als jede andere Art von Stoff.<\/p>\n\t\t\t\t\t\t\t\t<\/div>\n\t\t\t\t<\/div>\n\t\t\t\t<div class=\"elementor-element elementor-element-8903f3a elementor-widget elementor-widget-spacer\" data-id=\"8903f3a\" data-element_type=\"widget\" data-e-type=\"widget\" data-widget_type=\"spacer.default\">\n\t\t\t\t<div class=\"elementor-widget-container\">\n\t\t\t\t\t\t\t<div class=\"elementor-spacer\">\n\t\t\t<div class=\"elementor-spacer-inner\"><\/div>\n\t\t<\/div>\n\t\t\t\t\t\t<\/div>\n\t\t\t\t<\/div>\n\t\t\t\t\t<\/div>\n\t\t<\/div>\n\t\t\t\t\t<\/div>\n\t\t<\/section>\n\t\t\t\t<section class=\"elementor-section elementor-top-section elementor-element elementor-element-4020634 elementor-section-boxed elementor-section-height-default elementor-section-height-default\" data-id=\"4020634\" data-element_type=\"section\" data-e-type=\"section\">\n\t\t\t\t\t\t<div class=\"elementor-container elementor-column-gap-default\">\n\t\t\t\t\t<div class=\"elementor-column elementor-col-100 elementor-top-column elementor-element elementor-element-d3d6a02\" data-id=\"d3d6a02\" data-element_type=\"column\" data-e-type=\"column\">\n\t\t\t<div class=\"elementor-widget-wrap elementor-element-populated\">\n\t\t\t\t\t\t<section class=\"elementor-section elementor-inner-section elementor-element elementor-element-350004e elementor-section-boxed elementor-section-height-default elementor-section-height-default\" data-id=\"350004e\" data-element_type=\"section\" data-e-type=\"section\">\n\t\t\t\t\t\t<div class=\"elementor-container elementor-column-gap-default\">\n\t\t\t\t\t<div class=\"elementor-column elementor-col-50 elementor-inner-column elementor-element elementor-element-c63be55\" data-id=\"c63be55\" data-element_type=\"column\" data-e-type=\"column\">\n\t\t\t<div class=\"elementor-widget-wrap elementor-element-populated\">\n\t\t\t\t\t\t<div class=\"elementor-element elementor-element-9c46d02 elementor-widget elementor-widget-heading\" data-id=\"9c46d02\" data-element_type=\"widget\" data-e-type=\"widget\" data-widget_type=\"heading.default\">\n\t\t\t\t<div class=\"elementor-widget-container\">\n\t\t\t\t\t<h3 class=\"elementor-heading-title elementor-size-default\"><a href=\"https:\/\/www.protoxtype.com\/de\/abbigliamento-in-bambu-uomo\/\" bamb=\"\">Bambuskleidung Herren<\/a><\/h3>\t\t\t\t<\/div>\n\t\t\t\t<\/div>\n\t\t\t\t<div class=\"elementor-element elementor-element-cd6c5e2 elementor-widget elementor-widget-image\" data-id=\"cd6c5e2\" data-element_type=\"widget\" data-e-type=\"widget\" id=\"bambu-man\" data-widget_type=\"image.default\">\n\t\t\t\t<div class=\"elementor-widget-container\">\n\t\t\t\t\t\t\t\t\t\t\t\t\t\t\t\t<a href=\"https:\/\/www.protoxtype.com\/de\/abbigliamento-in-bambu-uomo\/\">\n\t\t\t\t\t\t\t<img fetchpriority=\"high\" decoding=\"async\" width=\"300\" height=\"400\" src=\"https:\/\/www.protoxtype.com\/wp-content\/uploads\/2025\/07\/Polo-uomo-bambu-verde-3-300x400.png\" class=\"attachment-woocommerce_thumbnail size-woocommerce_thumbnail wp-image-63629\" alt=\"Polo uomo bamb\u00f9 verde (3)\" \/>\t\t\t\t\t\t\t\t<\/a>\n\t\t\t\t\t\t\t\t\t\t\t\t\t\t\t<\/div>\n\t\t\t\t<\/div>\n\t\t\t\t\t<\/div>\n\t\t<\/div>\n\t\t\t\t<div class=\"elementor-column elementor-col-50 elementor-inner-column elementor-element elementor-element-b576707\" data-id=\"b576707\" data-element_type=\"column\" data-e-type=\"column\">\n\t\t\t<div class=\"elementor-widget-wrap elementor-element-populated\">\n\t\t\t\t\t\t<div class=\"elementor-element elementor-element-b9579d7 elementor-widget elementor-widget-heading\" data-id=\"b9579d7\" data-element_type=\"widget\" data-e-type=\"widget\" data-widget_type=\"heading.default\">\n\t\t\t\t<div class=\"elementor-widget-container\">\n\t\t\t\t\t<h3 class=\"elementor-heading-title elementor-size-default\"><a href=\"https:\/\/www.protoxtype.com\/de\/abbigliamento-in-bambu-donna\/\">Bambuskleidung Damen<\/a><\/h3>\t\t\t\t<\/div>\n\t\t\t\t<\/div>\n\t\t\t\t<div class=\"elementor-element elementor-element-b5a8a8a elementor-widget elementor-widget-image\" data-id=\"b5a8a8a\" data-element_type=\"widget\" data-e-type=\"widget\" data-widget_type=\"image.default\">\n\t\t\t\t<div class=\"elementor-widget-container\">\n\t\t\t\t\t\t\t\t\t\t\t\t\t\t\t\t<a href=\"https:\/\/www.protoxtype.com\/de\/abbigliamento-in-bambu-donna\/\">\n\t\t\t\t\t\t\t<img decoding=\"async\" width=\"300\" height=\"400\" src=\"https:\/\/www.protoxtype.com\/wp-content\/uploads\/2019\/11\/KTSSTDW003-BLACK-T-shirt-in-Bambu-con-Cappuccio-Donna-300x400.png\" class=\"attachment-woocommerce_thumbnail size-woocommerce_thumbnail wp-image-61183\" alt=\"t shirt in bamb\u00f9 donna con cappuccio - T Shirt Damen aus Bambus mit Kapuze\" \/>\t\t\t\t\t\t\t\t<\/a>\n\t\t\t\t\t\t\t\t\t\t\t\t\t\t\t<\/div>\n\t\t\t\t<\/div>\n\t\t\t\t\t<\/div>\n\t\t<\/div>\n\t\t\t\t\t<\/div>\n\t\t<\/section>\n\t\t\t\t\t<\/div>\n\t\t<\/div>\n\t\t\t\t\t<\/div>\n\t\t<\/section>\n\t\t\t\t<section class=\"elementor-section elementor-top-section elementor-element elementor-element-12a1bac elementor-section-boxed elementor-section-height-default elementor-section-height-default\" data-id=\"12a1bac\" data-element_type=\"section\" data-e-type=\"section\">\n\t\t\t\t\t\t<div class=\"elementor-container elementor-column-gap-default\">\n\t\t\t\t\t<div class=\"elementor-column elementor-col-100 elementor-top-column elementor-element elementor-element-5271fd0\" data-id=\"5271fd0\" data-element_type=\"column\" data-e-type=\"column\">\n\t\t\t<div class=\"elementor-widget-wrap elementor-element-populated\">\n\t\t\t\t\t\t<div class=\"elementor-element elementor-element-1b1cbd8 elementor-widget elementor-widget-heading\" data-id=\"1b1cbd8\" data-element_type=\"widget\" data-e-type=\"widget\" data-widget_type=\"heading.default\">\n\t\t\t\t<div class=\"elementor-widget-container\">\n\t\t\t\t\t<h2 class=\"elementor-heading-title elementor-size-default\">Vorteile von Bambuskleidung<\/h2>\t\t\t\t<\/div>\n\t\t\t\t<\/div>\n\t\t\t\t<div class=\"elementor-element elementor-element-6735a19 elementor-widget__width-auto elementor-widget elementor-widget-text-editor\" data-id=\"6735a19\" data-element_type=\"widget\" data-e-type=\"widget\" data-widget_type=\"text-editor.default\">\n\t\t\t\t<div class=\"elementor-widget-container\">\n\t\t\t\t\t\t\t\t\t<ul>\n<li>atmungsaktiv<\/li>\n<li>feuchtigkeitsregulierend<\/li>\n<li>geruchshemmend<\/li>\n<li>temperaturausgleichend<\/li>\n<\/ul>\n\t\t\t\t\t\t\t\t<\/div>\n\t\t\t\t<\/div>\n\t\t\t\t\t<\/div>\n\t\t<\/div>\n\t\t\t\t\t<\/div>\n\t\t<\/section>\n\t\t\t\t<\/div>\n\t\t","protected":false},"excerpt":{"rendered":"<p>Bambuskleidung Entdecke Bambuskleidung f\u00fcr Damen und Herren \u2013 angenehm weich, atmungsaktiv und ideal f\u00fcr Alltag, Reisen und Outdoor. Unsere Modelle aus Bambusfaser f\u00fchlen sich leicht auf der Haut an und sind besonders komfortabel, wenn du Wert auf nat\u00fcrliche Materialien legst. Hier findest du die Kollektionen f\u00fcr Herren und Damen sowie Infos zu Pflege, Gr\u00f6ssen, Versand [&hellip;]<\/p>\n","protected":false},"author":21,"featured_media":0,"parent":0,"menu_order":0,"comment_status":"closed","ping_status":"closed","template":"","meta":{"_acf_changed":false,"footnotes":""},"class_list":["post-56037","page","type-page","status-publish","hentry"],"acf":[],"_links":{"self":[{"href":"https:\/\/www.protoxtype.com\/de\/wp-json\/wp\/v2\/pages\/56037","targetHints":{"allow":["GET"]}}],"collection":[{"href":"https:\/\/www.protoxtype.com\/de\/wp-json\/wp\/v2\/pages"}],"about":[{"href":"https:\/\/www.protoxtype.com\/de\/wp-json\/wp\/v2\/types\/page"}],"author":[{"embeddable":true,"href":"https:\/\/www.protoxtype.com\/de\/wp-json\/wp\/v2\/users\/21"}],"replies":[{"embeddable":true,"href":"https:\/\/www.protoxtype.com\/de\/wp-json\/wp\/v2\/comments?post=56037"}],"version-history":[{"count":9,"href":"https:\/\/www.protoxtype.com\/de\/wp-json\/wp\/v2\/pages\/56037\/revisions"}],"predecessor-version":[{"id":63873,"href":"https:\/\/www.protoxtype.com\/de\/wp-json\/wp\/v2\/pages\/56037\/revisions\/63873"}],"wp:attachment":[{"href":"https:\/\/www.protoxtype.com\/de\/wp-json\/wp\/v2\/media?parent=56037"}],"curies":[{"name":"wp","href":"https:\/\/api.w.org\/{rel}","templated":true}]}}