{"id":53856,"date":"2022-01-08T08:27:22","date_gmt":"2022-01-08T07:27:22","guid":{"rendered":"http:\/\/www.protoxtype.com\/cookie-richtlinie\/"},"modified":"2023-07-19T16:47:42","modified_gmt":"2023-07-19T14:47:42","slug":"cookie-richtlinie","status":"publish","type":"page","link":"https:\/\/www.protoxtype.com\/de\/cookie-richtlinie\/","title":{"rendered":"Cookie-Richtlinie"},"content":{"rendered":"\t\t<div data-elementor-type=\"wp-page\" data-elementor-id=\"53856\" class=\"elementor elementor-53856 elementor-52370\" data-elementor-post-type=\"page\">\n\t\t\t\t\t\t<section data-particle_enable=\"false\" data-particle-mobile-disabled=\"false\" class=\"elementor-section elementor-top-section elementor-element elementor-element-68417e31 elementor-section-boxed elementor-section-height-default elementor-section-height-default\" data-id=\"68417e31\" data-element_type=\"section\" data-e-type=\"section\">\n\t\t\t\t\t\t<div class=\"elementor-container elementor-column-gap-default\">\n\t\t\t\t\t<div class=\"elementor-column elementor-col-100 elementor-top-column elementor-element elementor-element-c3cd1fe\" data-id=\"c3cd1fe\" data-element_type=\"column\" data-e-type=\"column\">\n\t\t\t<div class=\"elementor-widget-wrap elementor-element-populated\">\n\t\t\t\t\t\t<div class=\"elementor-element elementor-element-03c1951 elementor-widget elementor-widget-heading\" data-id=\"03c1951\" data-element_type=\"widget\" data-e-type=\"widget\" data-widget_type=\"heading.default\">\n\t\t\t\t<div class=\"elementor-widget-container\">\n\t\t\t\t\t<h2 class=\"elementor-heading-title elementor-size-default\">Cookie-Richtlinie<\/h2>\t\t\t\t<\/div>\n\t\t\t\t<\/div>\n\t\t\t\t\t<\/div>\n\t\t<\/div>\n\t\t\t\t\t<\/div>\n\t\t<\/section>\n\t\t\t\t<section data-particle_enable=\"false\" data-particle-mobile-disabled=\"false\" class=\"elementor-section elementor-top-section elementor-element elementor-element-236d449 elementor-section-boxed elementor-section-height-default elementor-section-height-default\" data-id=\"236d449\" data-element_type=\"section\" data-e-type=\"section\">\n\t\t\t\t\t\t<div class=\"elementor-container elementor-column-gap-default\">\n\t\t\t\t\t<div class=\"elementor-column elementor-col-100 elementor-top-column elementor-element elementor-element-f90a76c\" data-id=\"f90a76c\" data-element_type=\"column\" data-e-type=\"column\">\n\t\t\t<div class=\"elementor-widget-wrap elementor-element-populated\">\n\t\t\t\t\t\t<div class=\"elementor-element elementor-element-a63ae35 elementor-widget elementor-widget-text-editor\" data-id=\"a63ae35\" data-element_type=\"widget\" data-e-type=\"widget\" data-widget_type=\"text-editor.default\">\n\t\t\t\t<div class=\"elementor-widget-container\">\n\t\t\t\t\t\t\t\t\tSVR verwendet Cookies und verfolgt die IP-Adresse, um die von der Website bereitgestellten SVR-Dienste zu verbessern.\r\n\r\nCookies sind Informationen, die eine Website zu Archivierungszwecken an den Browser Ihres Computers senden kann.\r\n\r\nSVR verwendet Cookies, um zu \u00fcberpr\u00fcfen, welche Seiten der Website wie oft besucht werden, um unsere Website benutzerfreundlicher zu gestalten und Ihnen bei jeder R\u00fcckkehr auf unsere Website einen einfacheren Zugriff zu erm\u00f6glichen.\r\n\r\nCookies erm\u00f6glichen es uns beispielsweise, Ihr Login-Passwort zu kennen, um es nicht jedes Mal erneut eingeben zu m\u00fcssen, wenn Sie unsere Website besuchen. Viele Browser akzeptieren Cookies automatisch.\r\n\r\nWenn Sie m\u00f6chten, k\u00f6nnen Cookies deaktiviert oder aus Ihrem Browser gel\u00f6scht werden. Browserspezifische Informationen finden Sie in der Symbolleiste Ihres Computers unter der Rubrik Hilfe.\r\n\r\nSVR kann das korrekte Funktionieren der Website ProtoxType.com nicht garantieren, falls Sie sich entscheiden, Cookies zu deaktivieren. F\u00fcr den Fall, dass die Cookies nicht deaktiviert werden, stimmen Sie deren Verwendung zu.\r\n\t\t\t\t\t\t\t\t<\/div>\n\t\t\t\t<\/div>\n\t\t\t\t\t<\/div>\n\t\t<\/div>\n\t\t\t\t\t<\/div>\n\t\t<\/section>\n\t\t\t\t<\/div>\n\t\t","protected":false},"excerpt":{"rendered":"<p>Cookie-Richtlinie SVR verwendet Cookies und verfolgt die IP-Adresse, um die von der Website bereitgestellten SVR-Dienste zu verbessern. Cookies sind Informationen, die eine Website zu Archivierungszwecken an den Browser Ihres Computers senden kann. SVR verwendet Cookies, um zu \u00fcberpr\u00fcfen, welche Seiten der Website wie oft besucht werden, um unsere Website benutzerfreundlicher zu gestalten und Ihnen bei [&hellip;]<\/p>\n","protected":false},"author":21,"featured_media":0,"parent":0,"menu_order":0,"comment_status":"closed","ping_status":"closed","template":"","meta":{"_acf_changed":false,"footnotes":""},"class_list":["post-53856","page","type-page","status-publish","hentry"],"acf":[],"_links":{"self":[{"href":"https:\/\/www.protoxtype.com\/de\/wp-json\/wp\/v2\/pages\/53856","targetHints":{"allow":["GET"]}}],"collection":[{"href":"https:\/\/www.protoxtype.com\/de\/wp-json\/wp\/v2\/pages"}],"about":[{"href":"https:\/\/www.protoxtype.com\/de\/wp-json\/wp\/v2\/types\/page"}],"author":[{"embeddable":true,"href":"https:\/\/www.protoxtype.com\/de\/wp-json\/wp\/v2\/users\/21"}],"replies":[{"embeddable":true,"href":"https:\/\/www.protoxtype.com\/de\/wp-json\/wp\/v2\/comments?post=53856"}],"version-history":[{"count":0,"href":"https:\/\/www.protoxtype.com\/de\/wp-json\/wp\/v2\/pages\/53856\/revisions"}],"wp:attachment":[{"href":"https:\/\/www.protoxtype.com\/de\/wp-json\/wp\/v2\/media?parent=53856"}],"curies":[{"name":"wp","href":"https:\/\/api.w.org\/{rel}","templated":true}]}}